{"id":5089,"date":"2025-05-24T15:55:12","date_gmt":"2025-05-24T15:55:12","guid":{"rendered":"https:\/\/antekgroup.vn\/?post_type=product&#038;p=5089"},"modified":"2025-05-24T16:17:56","modified_gmt":"2025-05-24T16:17:56","slug":"atgw-014-gateway-lorawan-ngoai-troi-chong-nuoc-ip66-tich-hop-san-lns","status":"publish","type":"product","link":"https:\/\/www.antekgroup.vn\/vi\/product\/atgw-014-gateway-lorawan-ngoai-troi-chong-nuoc-ip66-tich-hop-san-lns\/","title":{"rendered":"ATGW-014 \u2013 Gateway LoRaWAN Ngo\u00e0i Tr\u1eddi Ch\u1ed1ng N\u01b0\u1edbc IP66 T\u00edch H\u1ee3p S\u1eb5n LNS"},"content":{"rendered":"<div>\n<h2><b>T\u1ed5ng Quan Nhanh v\u1ec1 Gateway LoRaWAN Ngo\u00e0i Tr\u1eddi ATGW-014<\/b><\/h2>\n<\/div>\n<div>\n<p><b>ATGW-014<\/b><span style=\"font-weight: 400;\"> s\u1eed d\u1ee5ng vi x\u1eed l\u00fd 4 nh\u00e2n <\/span><b>PX30K<\/b><span style=\"font-weight: 400;\"> hi\u1ec7u su\u1ea5t cao c\u00f9ng chip <\/span><b>LoRaWAN Semtech SX1302<\/b><span style=\"font-weight: 400;\"> \u0111\u1ec3 thi\u1ebft k\u1ebf m\u1ed9t gateway IoT c\u00f4ng nghi\u1ec7p m\u1ea1nh m\u1ebd. Thi\u1ebft b\u1ecb h\u1ed7 tr\u1ee3 <\/span><b>LoRaWAN to\u00e0n c\u1ea7u<\/b><span style=\"font-weight: 400;\">, <\/span><b>BLE 5.2<\/b><span style=\"font-weight: 400;\">, <\/span><b>Wi-Fi 2.4G<\/b><span style=\"font-weight: 400;\">, <\/span><b>4G LTE Cat1\/Cat M1<\/b><span style=\"font-weight: 400;\">, v\u00e0 <\/span><b>Ethernet<\/b><span style=\"font-weight: 400;\">. \u0110\u1ed3ng th\u1eddi, c\u0169ng h\u1ed7 tr\u1ee3 \u0111\u1ecbnh v\u1ecb v\u1ec7 tinh th\u00f4ng qua <\/span><b>GPS, GLONASS, Galileo v\u00e0 QZSS<\/b><span style=\"font-weight: 400;\">.<\/span><\/p>\n<h3>-Thi\u1ebft b\u1ecb c\u00f3 t\u1ed5ng c\u1ed9ng 5 \u0103ng-ten, bao g\u1ed3m:<\/h3>\n<ul>\n<li style=\"font-weight: 400;\" aria-level=\"1\"><span style=\"font-weight: 400;\">2 \u0103ng-ten <\/span><b>4G LTE<\/b><b><br \/>\n<\/b><\/li>\n<li style=\"font-weight: 400;\" aria-level=\"1\"><span style=\"font-weight: 400;\">1 \u0103ng-ten <\/span><b>GPS<\/b><b><br \/>\n<\/b><\/li>\n<li style=\"font-weight: 400;\" aria-level=\"1\"><span style=\"font-weight: 400;\">1 \u0103ng-ten <\/span><b>LoRaWAN<\/b><b><br \/>\n<\/b><\/li>\n<li style=\"font-weight: 400;\" aria-level=\"1\"><span style=\"font-weight: 400;\">1 \u0103ng-ten <\/span><b>Wi-Fi 2.4G<\/b><b><br \/>\n<\/b><\/li>\n<\/ul>\n<h3><b>-Thi\u1ebft k\u1ebf c\u00f4ng nghi\u1ec7p b\u1ec1n b\u1ec9:<\/b><\/h3>\n<p><b>ATGW-014<\/b><span style=\"font-weight: 400;\"> \u0111\u01b0\u1ee3c trang b\u1ecb <\/span><b>v\u1ecf ch\u1ed1ng n\u01b0\u1edbc IP66<\/b><span style=\"font-weight: 400;\"> b\u1eb1ng h\u1ee3p kim nh\u00f4m c\u01b0\u1eddng l\u1ef1c, c\u00f3 th\u1ec3 ho\u1ea1t \u0111\u1ed9ng trong d\u1ea3i nhi\u1ec7t \u0111\u1ed9 r\u1ed9ng t\u1eeb <\/span><b>-20\u2103 \u0111\u1ebfn 65\u2103<\/b><span style=\"font-weight: 400;\">, \u0111\u1ea3m b\u1ea3o v\u1eadn h\u00e0nh \u1ed5n \u0111\u1ecbnh trong m\u00f4i tr\u01b0\u1eddng kh\u1eafc nghi\u1ec7t nh\u01b0 m\u01b0a b\u00e3o, nhi\u1ec7t \u0111\u1ed9 cao ho\u1eb7c \u0111\u1ed9 \u1ea9m l\u1edbn quanh n\u0103m.<\/span><\/p>\n<p><span style=\"font-weight: 400;\">Thi\u1ebft b\u1ecb h\u1ed7 tr\u1ee3 <\/span><b>ngu\u1ed3n c\u1ea5p PoE<\/b><span style=\"font-weight: 400;\"> v\u00e0 thi\u1ebft k\u1ebf linh ho\u1ea1t \u0111\u1ec3 <\/span><b>l\u1eafp \u0111\u1eb7t tr\u00ean b\u1ec1 m\u1eb7t ph\u1eb3ng, c\u1ed9t ho\u1eb7c v\u00f2ng k\u1eb9p<\/b><span style=\"font-weight: 400;\">, ph\u00f9 h\u1ee3p cho vi\u1ec7c g\u1eafn v\u00e0o tr\u1ee5 vi\u1ec5n th\u00f4ng s\u1eb5n c\u00f3, gi\u00e1 \u0111\u1ee1 \u0111\u1ed9c l\u1eadp ho\u1eb7c t\u01b0\u1eddng.<\/span><\/p>\n<h3><b>-T\u00edch h\u1ee3p s\u1eb5n LNS \u2013 ti\u1ebft ki\u1ec7m th\u1eddi gian tri\u1ec3n khai<\/b><\/h3>\n<p><span style=\"font-weight: 400;\">ATGW-014 \u0111\u01b0\u1ee3c <\/span><b>t\u00edch h\u1ee3p s\u1eb5n m\u00e1y ch\u1ee7 m\u1ea1ng LoRaWAN (LNS)<\/b><span style=\"font-weight: 400;\"> nh\u01b0 <\/span><b>Chirpstack, AWS IoT Core, LORIOT, The Things Stack<\/b><span style=\"font-weight: 400;\">, v.v&#8230;, gi\u00fap ng\u01b0\u1eddi d\u00f9ng d\u1ec5 d\u00e0ng \u0111\u01b0a thi\u1ebft b\u1ecb v\u00e0o s\u1eed d\u1ee5ng m\u00e0 kh\u00f4ng m\u1ea5t nhi\u1ec1u th\u1eddi gian c\u1ea5u h\u00ecnh. Thi\u1ebft b\u1ecb c\u0169ng h\u1ed7 tr\u1ee3 <\/span><b>OTA (c\u1eadp nh\u1eadt t\u1eeb xa)<\/b><span style=\"font-weight: 400;\">, r\u1ea5t ph\u00f9 h\u1ee3p cho c\u00e1c \u1ee9ng d\u1ee5ng gi\u00e1m s\u00e1t v\u00e0 b\u1ea3o tr\u00ec t\u1eeb xa trong t\u1ef1 \u0111\u1ed9ng h\u00f3a c\u00f4ng nghi\u1ec7p.<\/span><\/p>\n<\/div>\n<div>\n<h2><b>T\u1ea1i sao n\u00ean ch\u1ecdn ATGW-014?<\/b><\/h2>\n<\/div>\n<div>\n<p><span style=\"font-weight: 400;\">Khi tri\u1ec3n khai c\u00e1c nhi\u1ec7m v\u1ee5 gi\u00e1m s\u00e1t v\u00e0 \u0111i\u1ec1u khi\u1ec3n t\u1eeb xa nh\u01b0 theo d\u00f5i t\u00e0u c\u00e1 hay v\u1eadn h\u00e0nh ngo\u00e0i tr\u1eddi trong m\u00f4i tr\u01b0\u1eddng nguy hi\u1ec3m, doanh nghi\u1ec7p c\u1ea7n m\u1ed9t gi\u1ea3i ph\u00e1p IoT <\/span><b>an to\u00e0n \u2013 linh ho\u1ea1t \u2013 ti\u1ebft ki\u1ec7m<\/b><span style=\"font-weight: 400;\"> \u0111\u1ec3 \u0111\u1ea3m b\u1ea3o an to\u00e0n nh\u00e2n s\u1ef1 v\u00e0 chi ph\u00ed b\u1ea3o tr\u00ec h\u1ee3p l\u00fd.<\/span><\/p>\n<ul>\n<li style=\"font-weight: 400;\" aria-level=\"1\"><b>V\u1ecf b\u1ec1n ch\u1ed1ng n\u01b0\u1edbc<\/b><span style=\"font-weight: 400;\"> gi\u00fap thi\u1ebft b\u1ecb ho\u1ea1t \u0111\u1ed9ng b\u00ecnh th\u01b0\u1eddng \u1edf m\u00f4i tr\u01b0\u1eddng kh\u1eafc nghi\u1ec7t nh\u01b0 \u0111\u1ea1i d\u01b0\u01a1ng, sa m\u1ea1c ho\u1eb7c v\u00f9ng hoang d\u00e3.<\/span><span style=\"font-weight: 400;\"><br \/>\n<\/span><\/li>\n<li style=\"font-weight: 400;\" aria-level=\"1\"><b>Kh\u1ea3 n\u0103ng \u0111\u1ecbnh v\u1ecb GPS<\/b><span style=\"font-weight: 400;\"> cho ph\u00e9p qu\u1ea3n l\u00fd gi\u00e1m s\u00e1t v\u1ecb tr\u00ed th\u1eddi gian th\u1ef1c c\u1ee7a nh\u00e2n vi\u00ean l\u00e0m vi\u1ec7c b\u00ean ngo\u00e0i v\u00e0 k\u00edch ho\u1ea1t c\u1ea3nh b\u00e1o an to\u00e0n n\u1ebfu c\u1ea7n.<\/span><span style=\"font-weight: 400;\"><br \/>\n<\/span><\/li>\n<li style=\"font-weight: 400;\" aria-level=\"1\"><span style=\"font-weight: 400;\">Gateway <\/span><b>LoRaWAN LTE<\/b><span style=\"font-weight: 400;\"> ph\u00f9 h\u1ee3p v\u1edbi c\u00e1c \u1ee9ng d\u1ee5ng c\u00f3 t\u00ednh di \u0111\u1ed9ng cao, b\u0103ng th\u00f4ng t\u01b0\u01a1ng \u0111\u01b0\u01a1ng Wi-Fi.<\/span><span style=\"font-weight: 400;\"><br \/>\n<\/span><\/li>\n<\/ul>\n<h3><b>Hi\u1ec7u qu\u1ea3 cho v\u00f9ng xa, thi\u1ebft b\u1ecb ch\u1ea1y pin<\/b><\/h3>\n<ul>\n<li><b style=\"font-size: 16px;\">LoRaWAN<\/b><span style=\"font-weight: 400;\"> c\u00f3 ph\u1ea1m vi ho\u1ea1t \u0111\u1ed9ng kho\u1ea3ng <\/span><b style=\"font-size: 16px;\">5\u201310km<\/b><span style=\"font-weight: 400;\">, truy\u1ec1n d\u1eef li\u1ec7u nh\u1ecf gi\u00e1n \u0111o\u1ea1n, r\u1ea5t l\u00fd t\u01b0\u1edfng cho thi\u1ebft b\u1ecb d\u00f9ng pin \u1edf v\u00f9ng s\u00e2u v\u00f9ng xa.<\/span><\/li>\n<li style=\"font-weight: 400;\" aria-level=\"1\"><span style=\"font-weight: 400;\">L\u00e0m gi\u1ea3m r\u1ee7i ro ho\u00e0n v\u1ed1n \u0111\u1ea7u t\u01b0 (ROI) n\u1ebfu pin nhanh h\u1ebft ho\u1eb7c m\u1ea1ng kh\u00f4ng h\u1ed7 tr\u1ee3 truy\u1ec1n d\u1eef li\u1ec7u th\u1eddi gian th\u1ef1c.<\/span><span style=\"font-weight: 400;\"><br \/>\n<\/span><\/li>\n<li style=\"font-weight: 400;\" aria-level=\"1\"><b>S\u1eed d\u1ee5ng b\u0103ng t\u1ea7n kh\u00f4ng c\u1ea7n c\u1ea5p ph\u00e9p (ISM)<\/b><span style=\"font-weight: 400;\">, gi\u1ea3m chi ph\u00ed tri\u1ec3n khai so v\u1edbi Wi-Fi t\u1ea1i n\u01a1i h\u1ea1n ch\u1ebf t\u00e0i nguy\u00ean.<\/span><span style=\"font-weight: 400;\"><br \/>\n<\/span><\/li>\n<\/ul>\n<h3><b>Hi\u1ec7u su\u1ea5t m\u1ea1nh m\u1ebd, th\u00edch h\u1ee3p cho IoT t\u1eeb xa<\/b><\/h3>\n<ul>\n<li style=\"font-weight: 400;\" aria-level=\"1\"><span style=\"font-weight: 400;\">B\u1ed9 x\u1eed l\u00fd <\/span><b>64-bit<\/b><span style=\"font-weight: 400;\"> h\u1ed7 tr\u1ee3 <\/span><b>\u0111a lu\u1ed3ng m\u1ea1nh m\u1ebd<\/b><span style=\"font-weight: 400;\">, c\u00f3 th\u1ec3 ch\u1ea1y <\/span><b>h\u1ec7 \u0111i\u1ec1u h\u00e0nh th\u1eddi gian th\u1ef1c (RTOS)<\/b><span style=\"font-weight: 400;\">.<\/span><span style=\"font-weight: 400;\"><br \/>\n<\/span><\/li>\n<li style=\"font-weight: 400;\" aria-level=\"1\"><span style=\"font-weight: 400;\">C\u00f3 kh\u1ea3 n\u0103ng thu th\u1eadp d\u1eef li\u1ec7u t\u1eeb kho\u1ea3ng c\u00e1ch l\u00ean t\u1edbi <\/span><b>10 d\u1eb7m (~16km)<\/b><span style=\"font-weight: 400;\"> th\u00f4ng qua t\u00edn hi\u1ec7u LoRaWAN m\u1ea1nh m\u1ebd.<\/span><\/li>\n<\/ul>\n<p><span style=\"font-weight: 400;\">D\u1eef li\u1ec7u \u0111\u01b0\u1ee3c \u0111\u1ecbnh tuy\u1ebfn v\u00e0 \u0111\u1ed3ng b\u1ed9 l\u00ean cloud th\u00f4ng qua <\/span><b>LTE 4G, Wi-Fi ho\u1eb7c Ethernet<\/b><span style=\"font-weight: 400;\">.<\/span><\/p>\n<p><img loading=\"lazy\" decoding=\"async\" class=\"attachment-large size-large wp-image-43894 aligncenter\" title=\"DSGW-014 LoRaWAN Gateway Outdoor Waterproof IP66 with Built-in LNS Integration 5\" src=\"https:\/\/antekgroup.vn\/wp-content\/uploads\/2025\/05\/atgw-014-lorawan-gateway-outdoor-waterproof-ip66-with-built-in-lns-integration-3020.jpg\" sizes=\"auto, (max-width: 800px) 100vw, 800px\" srcset=\"https:\/\/antekgroup.vn\/wp-content\/uploads\/2025\/05\/atgw-014-lorawan-gateway-outdoor-waterproof-ip66-with-built-in-lns-integration-3020.jpg 1024w, https:\/\/www.dusuniot.com\/wp-content\/uploads\/2023\/02\/DSGW-014-6-600x280.png 600w, https:\/\/www.dusuniot.com\/wp-content\/uploads\/2023\/02\/DSGW-014-6-300x140.png 300w, https:\/\/www.dusuniot.com\/wp-content\/uploads\/2023\/02\/DSGW-014-6-768x358.png 768w, https:\/\/www.dusuniot.com\/wp-content\/uploads\/2023\/02\/DSGW-014-6.png 1382w\" alt=\"DSGW 014 6\" width=\"800\" height=\"373\" \/><\/p>\n<p>&nbsp;<\/p>\n<h2><b>T\u00ednh n\u0103ng c\u1ee7a ATGW-014 LoRaWAN Gateway Ngo\u00e0i Tr\u1eddi<\/b><\/h2>\n<h3><b style=\"font-size: 16px;\">-K\u1ebft n\u1ed1i truy\u1ec1n d\u1eabn \u0111a d\u1ea1ng (Multiple Backhaul Connectivities)<\/b><\/h3>\n<p><span style=\"font-weight: 400;\">Thu th\u1eadp d\u1eef li\u1ec7u t\u1eeb c\u00e1c thi\u1ebft b\u1ecb \u0111\u1ea7u cu\u1ed1i LoRa v\u00e0 truy\u1ec1n v\u1ec1 cloud th\u00f4ng qua <\/span><b style=\"font-size: 16px;\">Wi-Fi 2.4G, 4G LTE<\/b><span style=\"font-weight: 400;\"> v\u00e0 <\/span><b style=\"font-size: 16px;\">Ethernet<\/b><span style=\"font-weight: 400;\">.<\/span><\/p>\n<h3><b style=\"font-size: 16px;\">-H\u1ed7 tr\u1ee3 \u0111a giao th\u1ee9c (Multi-Protocol LoRaWAN Gateway)<\/b><\/h3>\n<p><span style=\"font-weight: 400;\">T\u00edch h\u1ee3p c\u00e1c giao th\u1ee9c: <\/span><b style=\"font-size: 16px;\">Wi-Fi 2.4G, BLE 5.2, LoRaWAN<\/b><span style=\"font-weight: 400;\"> v\u00e0 <\/span><b style=\"font-size: 16px;\">GPS<\/b><\/p>\n<h3><b style=\"font-size: 16px;\">-Thi\u1ebft k\u1ebf ch\u1ed1ng n\u01b0\u1edbc v\u00e0 b\u1ec1n b\u1ec9 (Waterproof IP66 &amp; Robust Aluminum Enclosure)<\/b><\/h3>\n<p><span style=\"font-weight: 400;\">V\u1ecf nh\u00f4m cao c\u1ea5p \u0111\u1ea1t chu\u1ea9n <\/span><b style=\"font-size: 16px;\">IP66<\/b><span style=\"font-weight: 400;\">, ch\u1ed1ng b\u1ee5i v\u00e0 n\u01b0\u1edbc to\u00e0n di\u1ec7n \u2013 l\u00fd t\u01b0\u1edfng cho c\u00e1c m\u00f4i tr\u01b0\u1eddng kh\u1eafc nghi\u1ec7t.<\/span><\/p>\n<p><img loading=\"lazy\" decoding=\"async\" class=\"size-full wp-image-3029 aligncenter\" src=\"https:\/\/antekgroup.vn\/wp-content\/uploads\/2025\/05\/dsgw-014-Multi-Protocol-ip66.webp\" alt=\"\" width=\"600\" height=\"480\" srcset=\"https:\/\/www.antekgroup.vn\/wp-content\/uploads\/2025\/05\/dsgw-014-Multi-Protocol-ip66.webp 600w, https:\/\/www.antekgroup.vn\/wp-content\/uploads\/2025\/05\/dsgw-014-Multi-Protocol-ip66-400x320.webp 400w, https:\/\/www.antekgroup.vn\/wp-content\/uploads\/2025\/05\/dsgw-014-Multi-Protocol-ip66-367x294.webp 367w\" sizes=\"auto, (max-width: 600px) 100vw, 600px\" \/><\/p>\n<h3><b>-Dung l\u01b0\u1ee3ng cao (High Capacity)<\/b><\/h3>\n<p>H\u1ed7 tr\u1ee3 nh\u1eadn d\u1eef li\u1ec7u <b>\u0111\u1ed3ng th\u1eddi t\u1eeb 8 thi\u1ebft b\u1ecb \u0111\u1ea7u cu\u1ed1i<\/b> v\u00e0 <b>k\u1ebft n\u1ed1i l\u00ean \u0111\u1ebfn 1000 thi\u1ebft b\u1ecb \u0111\u1ea7u cu\u1ed1i<\/b>.<\/p>\n<h3><b>-H\u1ed7 tr\u1ee3 c\u00e1c b\u0103ng t\u1ea7n LoRaWAN to\u00e0n c\u1ea7u (Global LoRaWAN Frequency Plans)<\/b><\/h3>\n<p>H\u1ed7 tr\u1ee3 c\u00e1c b\u0103ng t\u1ea7n LoRa: <b>RU864, IN865, EU868, US915, AU915, KR920, AS923, CN470<\/b>.<\/p>\n<h3><b>-H\u1ed7 tr\u1ee3 t\u00f9y ch\u1ecdn t\u1ea5m pin n\u0103ng l\u01b0\u1ee3ng m\u1eb7t tr\u1eddi (Solar Power Panel Optional Support)<\/b><\/h3>\n<p>C\u00e1c gateway LoRaWAN \u0111\u01b0\u1ee3c l\u1eafp \u0111\u1eb7t \u1edf nh\u1eefng khu v\u1ef1c ngo\u00e0i tr\u1eddi h\u1ebbo l\u00e1nh th\u01b0\u1eddng g\u1eb7p kh\u00f3 kh\u0103n v\u1ec1 ngu\u1ed3n \u0111i\u1ec7n. Tuy nhi\u00ean, n\u0103ng l\u01b0\u1ee3ng m\u1eb7t tr\u1eddi mang \u0111\u1ebfn m\u1ed9t gi\u1ea3i ph\u00e1p <b>b\u1ec1n v\u1eefng v\u00e0 \u0111\u00e1ng tin c\u1eady<\/b>, \u0111\u1ea3m b\u1ea3o thi\u1ebft b\u1ecb <b>ho\u1ea1t \u0111\u1ed9ng li\u00ean t\u1ee5c ngay c\u1ea3 khi kh\u00f4ng c\u00f3 ngu\u1ed3n \u0111i\u1ec7n l\u01b0\u1edbi<\/b><\/p>\n<p><img loading=\"lazy\" decoding=\"async\" class=\"size-full wp-image-3025 aligncenter\" src=\"https:\/\/antekgroup.vn\/wp-content\/uploads\/2025\/05\/solar-panel-for-dsgw-014-lorawan-gateway.webp\" alt=\"\" width=\"505\" height=\"480\" srcset=\"https:\/\/www.antekgroup.vn\/wp-content\/uploads\/2025\/05\/solar-panel-for-dsgw-014-lorawan-gateway.webp 505w, https:\/\/www.antekgroup.vn\/wp-content\/uploads\/2025\/05\/solar-panel-for-dsgw-014-lorawan-gateway-400x380.webp 400w, https:\/\/www.antekgroup.vn\/wp-content\/uploads\/2025\/05\/solar-panel-for-dsgw-014-lorawan-gateway-367x349.webp 367w\" sizes=\"auto, (max-width: 505px) 100vw, 505px\" \/><\/p>\n<h2><\/h2>\n<h2><strong>T\u1ed5ng Quan Ph\u1ea7n C\u1ee9ng c\u1ee7a ATGW-014 LoRaWAN Gateway Ngo\u00e0i Tr\u1eddi<\/strong><\/h2>\n<\/div>\n<section class=\"elementor-section elementor-inner-section elementor-element elementor-element-90cf3ac elementor-reverse-mobile elementor-section-boxed elementor-section-height-default elementor-section-height-default\" data-id=\"90cf3ac\" data-element_type=\"section\">\n<div>\n<div id='gallery-1' class='gallery galleryid-5089 gallery-columns-2 gallery-size-large'><figure class='gallery-item'>\n\t\t\t<div class='gallery-icon landscape'>\n\t\t\t\t<a href='https:\/\/www.antekgroup.vn\/vi\/?attachment_id=3024'><img loading=\"lazy\" decoding=\"async\" width=\"1024\" height=\"713\" src=\"https:\/\/www.antekgroup.vn\/wp-content\/uploads\/2025\/05\/014-back-1024x713-1.jpg\" class=\"attachment-large size-large\" alt=\"\" srcset=\"https:\/\/www.antekgroup.vn\/wp-content\/uploads\/2025\/05\/014-back-1024x713-1.jpg 1024w, https:\/\/www.antekgroup.vn\/wp-content\/uploads\/2025\/05\/014-back-1024x713-1-768x535.jpg 768w, https:\/\/www.antekgroup.vn\/wp-content\/uploads\/2025\/05\/014-back-1024x713-1-640x446.jpg 640w, https:\/\/www.antekgroup.vn\/wp-content\/uploads\/2025\/05\/014-back-1024x713-1-400x279.jpg 400w, https:\/\/www.antekgroup.vn\/wp-content\/uploads\/2025\/05\/014-back-1024x713-1-367x256.jpg 367w, https:\/\/www.antekgroup.vn\/wp-content\/uploads\/2025\/05\/014-back-1024x713-1-600x418.jpg 600w\" sizes=\"auto, (max-width: 1024px) 100vw, 1024px\" \/><\/a>\n\t\t\t<\/div><\/figure><figure class='gallery-item'>\n\t\t\t<div class='gallery-icon landscape'>\n\t\t\t\t<a href='https:\/\/www.antekgroup.vn\/vi\/?attachment_id=3022'><img loading=\"lazy\" decoding=\"async\" width=\"1024\" height=\"713\" src=\"https:\/\/www.antekgroup.vn\/wp-content\/uploads\/2025\/05\/014-positively-1024x713-1.jpg\" class=\"attachment-large size-large\" alt=\"\" srcset=\"https:\/\/www.antekgroup.vn\/wp-content\/uploads\/2025\/05\/014-positively-1024x713-1.jpg 1024w, https:\/\/www.antekgroup.vn\/wp-content\/uploads\/2025\/05\/014-positively-1024x713-1-768x535.jpg 768w, https:\/\/www.antekgroup.vn\/wp-content\/uploads\/2025\/05\/014-positively-1024x713-1-640x446.jpg 640w, https:\/\/www.antekgroup.vn\/wp-content\/uploads\/2025\/05\/014-positively-1024x713-1-400x279.jpg 400w, https:\/\/www.antekgroup.vn\/wp-content\/uploads\/2025\/05\/014-positively-1024x713-1-367x256.jpg 367w, https:\/\/www.antekgroup.vn\/wp-content\/uploads\/2025\/05\/014-positively-1024x713-1-600x418.jpg 600w\" sizes=\"auto, (max-width: 1024px) 100vw, 1024px\" \/><\/a>\n\t\t\t<\/div><\/figure>\n\t\t<\/div>\n\n<h2><b>K\u00edch th\u01b0\u1edbc v\u00e0 \u0110\u00f3ng g\u00f3i c\u1ee7a Gateway ATGW-014 LoRaWAN Ngo\u00e0i Tr\u1eddi<\/b><\/h2>\n<div id='gallery-2' class='gallery galleryid-5089 gallery-columns-2 gallery-size-large'><figure class='gallery-item'>\n\t\t\t<div class='gallery-icon landscape'>\n\t\t\t\t<a href='https:\/\/www.antekgroup.vn\/vi\/?attachment_id=3052'><img loading=\"lazy\" decoding=\"async\" width=\"565\" height=\"375\" src=\"https:\/\/www.antekgroup.vn\/wp-content\/uploads\/2025\/05\/DSGW-014-Dimension.jpg\" class=\"attachment-large size-large\" alt=\"\" aria-describedby=\"gallery-2-3052\" srcset=\"https:\/\/www.antekgroup.vn\/wp-content\/uploads\/2025\/05\/DSGW-014-Dimension.jpg 565w, https:\/\/www.antekgroup.vn\/wp-content\/uploads\/2025\/05\/DSGW-014-Dimension-400x265.jpg 400w, https:\/\/www.antekgroup.vn\/wp-content\/uploads\/2025\/05\/DSGW-014-Dimension-367x244.jpg 367w\" sizes=\"auto, (max-width: 565px) 100vw, 565px\" \/><\/a>\n\t\t\t<\/div>\n\t\t\t\t<figcaption class='wp-caption-text gallery-caption' id='gallery-2-3052'>\n\t\t\t\tDimension\n\t\t\t\t<\/figcaption><\/figure><figure class='gallery-item'>\n\t\t\t<div class='gallery-icon landscape'>\n\t\t\t\t<a href='https:\/\/www.antekgroup.vn\/vi\/?attachment_id=3050'><img loading=\"lazy\" decoding=\"async\" width=\"565\" height=\"375\" src=\"https:\/\/www.antekgroup.vn\/wp-content\/uploads\/2025\/05\/DSGW-014-Package-List-1.jpg\" class=\"attachment-large size-large\" alt=\"\" aria-describedby=\"gallery-2-3050\" srcset=\"https:\/\/www.antekgroup.vn\/wp-content\/uploads\/2025\/05\/DSGW-014-Package-List-1.jpg 565w, https:\/\/www.antekgroup.vn\/wp-content\/uploads\/2025\/05\/DSGW-014-Package-List-1-400x265.jpg 400w, https:\/\/www.antekgroup.vn\/wp-content\/uploads\/2025\/05\/DSGW-014-Package-List-1-367x244.jpg 367w\" sizes=\"auto, (max-width: 565px) 100vw, 565px\" \/><\/a>\n\t\t\t<\/div>\n\t\t\t\t<figcaption class='wp-caption-text gallery-caption' id='gallery-2-3050'>\n\t\t\t\tPackage List\n\t\t\t\t<\/figcaption><\/figure>\n\t\t<\/div>\n\n<p>&nbsp;<\/p>\n<div>\n<h2><b>Th\u00f4ng s\u1ed1 K\u1ef9 thu\u1eadt Ph\u1ea7n c\u1ee9ng \u2013 ATGW-014 LoRaWAN Gateway Ngo\u00e0i Tr\u1eddi<\/b><\/h2>\n<\/div>\n<div>\n<table style=\"height: 1146px;\" width=\"894\">\n<tbody>\n<tr>\n<td><b>Th\u00e0nh ph\u1ea7n<\/b><\/td>\n<td><b>Chi ti\u1ebft<\/b><\/td>\n<\/tr>\n<tr>\n<td><b>CPU<\/b><\/td>\n<td><span style=\"font-weight: 400;\">4 nh\u00e2n Cortex A35<\/span><\/td>\n<\/tr>\n<tr>\n<td><b>H\u1ec7 \u0111i\u1ec1u h\u00e0nh<\/b><\/td>\n<td><span style=\"font-weight: 400;\">Debian 11<\/span><\/td>\n<\/tr>\n<tr>\n<td><b>RAM<\/b><\/td>\n<td><span style=\"font-weight: 400;\">2GB<\/span><\/td>\n<\/tr>\n<tr>\n<td><b>B\u1ed9 nh\u1edb eMMC<\/b><\/td>\n<td><span style=\"font-weight: 400;\">32GB<\/span><\/td>\n<\/tr>\n<tr>\n<td><b>Giao di\u1ec7n m\u1ea1ng<\/b><\/td>\n<td><span style=\"font-weight: 400;\">&#8211; 1 c\u1ed5ng WAN\/LAN t\u1ed1c \u0111\u1ed9 10\/100 Mbps<\/span><\/p>\n<p><span style=\"font-weight: 400;\">&#8211; H\u1ed7 tr\u1ee3 truy\u1ec1n d\u1eef li\u1ec7u qua c\u00e1p CAT-5\/CAT-5E<\/span><\/p>\n<p><span style=\"font-weight: 400;\">&#8211; H\u1ed7 tr\u1ee3 c\u1ea5p ngu\u1ed3n qua POE (d\u1ea3i \u0111i\u1ec7n \u00e1p: 44\u201357V)<\/span><\/td>\n<\/tr>\n<tr>\n<td><b>\u0110\u00e8n LED b\u00e1o hi\u1ec7u (RGB)<\/b><\/td>\n<td><span style=\"font-weight: 400;\">1. Ngu\u1ed3n \u0111i\u1ec7n (Power)<\/span><\/p>\n<p><span style=\"font-weight: 400;\">2. M\u1ea1ng (Network)<\/span><\/p>\n<p><span style=\"font-weight: 400;\">3. LTE<\/span><\/td>\n<\/tr>\n<tr>\n<td><b>L\u1eafp \u0111\u1eb7t<\/b><\/td>\n<td><span style=\"font-weight: 400;\">G\u1eafn ph\u1eb3ng, G\u1eafn tr\u1ea7n<\/span><\/td>\n<\/tr>\n<tr>\n<td><b>\u0102ng-ten<\/b><\/td>\n<td><span style=\"font-weight: 400;\">&#8211; 2 \u00d7 LTE<\/span><\/p>\n<p><span style=\"font-weight: 400;\">&#8211; 1 \u00d7 GPS<\/span><\/p>\n<p><span style=\"font-weight: 400;\">&#8211; 1 \u00d7 LoRa<\/span><\/p>\n<p><span style=\"font-weight: 400;\">&#8211; 1 \u00d7 Wi-Fi 2.4GHz<\/span><\/td>\n<\/tr>\n<tr>\n<td><b>M\u00e3 h\u00f3a ph\u1ea7n c\u1ee9ng<\/b><\/td>\n<td><span style=\"font-weight: 400;\">ATECC608B (chip m\u00e3 h\u00f3a b\u1ea3o m\u1eadt ph\u1ea7n c\u1ee9ng)<\/span><\/td>\n<\/tr>\n<tr>\n<td><b>Nhi\u1ec7t \u0111\u1ed9 ho\u1ea1t \u0111\u1ed9ng<\/b><\/td>\n<td><span style=\"font-weight: 400;\">-20\u2103 \u0111\u1ebfn 65\u2103<\/span><\/td>\n<\/tr>\n<tr>\n<td><b>Nhi\u1ec7t \u0111\u1ed9 l\u01b0u tr\u1eef<\/b><\/td>\n<td><span style=\"font-weight: 400;\">-40\u2103 \u0111\u1ebfn 85\u2103<\/span><\/td>\n<\/tr>\n<tr>\n<td><b>\u0110\u1ed9 \u1ea9m v\u1eadn h\u00e0nh<\/b><\/td>\n<td><span style=\"font-weight: 400;\">10% \u0111\u1ebfn 90%<\/span><\/td>\n<\/tr>\n<tr>\n<td><b>Chu\u1ea9n b\u1ea3o v\u1ec7<\/b><\/td>\n<td><span style=\"font-weight: 400;\">IP66 \u2013 ch\u1ed1ng n\u01b0\u1edbc v\u00e0 b\u1ee5i, d\u00f9ng ngo\u00e0i tr\u1eddi hi\u1ec7u qu\u1ea3<\/span><\/td>\n<\/tr>\n<\/tbody>\n<\/table>\n<\/div>\n<\/div>\n<\/section>\n","protected":false},"excerpt":{"rendered":"<p><b>ATGW-014<\/b><span style=\"font-weight: 400;\"> l\u00e0 m\u1ed9t gateway IoT c\u00f4ng nghi\u1ec7p ngo\u00e0i tr\u1eddi m\u1ea1nh m\u1ebd, \u0111\u01b0\u1ee3c ph\u00e1t tri\u1ec3n d\u1ef1a tr\u00ean vi x\u1eed l\u00fd <\/span><b>PX30K<\/b><span style=\"font-weight: 400;\"> v\u00e0 m\u00f4-\u0111un <\/span><b>SX1302<\/b><span style=\"font-weight: 400;\">, v\u1edbi kh\u1ea3 n\u0103ng x\u1eed l\u00fd t\u00edn hi\u1ec7u ti\u00ean ti\u1ebfn v\u00e0 dung l\u01b0\u1ee3ng m\u1ea1ng \u0111\u01b0\u1ee3c c\u1ea3i thi\u1ec7n. Thi\u1ebft k\u1ebf v\u1ecf h\u1ee3p kim nh\u00f4m chu\u1ea9n c\u00f4ng nghi\u1ec7p <\/span><b>IP66<\/b><span style=\"font-weight: 400;\">, c\u1ea5p ngu\u1ed3n qua <\/span><b>PoE<\/b><span style=\"font-weight: 400;\"> v\u00e0 d\u1ea3i nhi\u1ec7t \u0111\u1ed9 ho\u1ea1t \u0111\u1ed9ng r\u1ed9ng gi\u00fap thi\u1ebft b\u1ecb l\u00fd t\u01b0\u1edfng cho c\u00e1c \u1ee9ng d\u1ee5ng gi\u00e1m s\u00e1t v\u00e0 b\u1ea3o tr\u00ec t\u1eeb xa trong t\u1ef1 \u0111\u1ed9ng h\u00f3a c\u00f4ng nghi\u1ec7p. H\u1ed7 tr\u1ee3 \u0111\u1ecbnh v\u1ecb v\u1ec7 tinh v\u00e0 c\u1eadp nh\u1eadt t\u1eeb xa (OTA).<\/span><\/p>\n<h3><b>Th\u00f4ng s\u1ed1 k\u1ef9 thu\u1eadt ch\u00ednh:<\/b><\/h3>\n<ul>\n<li style=\"font-weight: 400;\" aria-level=\"1\"><b>CPU<\/b><span style=\"font-weight: 400;\">: Quad-core Cortex-A35 PX30K<\/span><span style=\"font-weight: 400;\"><br \/>\n<\/span><\/li>\n<li style=\"font-weight: 400;\" aria-level=\"1\"><b>RAM<\/b><span style=\"font-weight: 400;\">: 2GB<\/span><span style=\"font-weight: 400;\"><br \/>\n<\/span><\/li>\n<li style=\"font-weight: 400;\" aria-level=\"1\"><b>B\u1ed9 nh\u1edb eMMC<\/b><span style=\"font-weight: 400;\">: 32GB<\/span><span style=\"font-weight: 400;\"><br \/>\n<\/span><\/li>\n<li style=\"font-weight: 400;\" aria-level=\"1\"><b>H\u1ec7 \u0111i\u1ec1u h\u00e0nh<\/b><span style=\"font-weight: 400;\">: Debian 11<\/span><span style=\"font-weight: 400;\"><br \/>\n<\/span><\/li>\n<li style=\"font-weight: 400;\" aria-level=\"1\"><b>\u0110\u1ed9ng c\u01a1 LoRa Concentrator<\/b><span style=\"font-weight: 400;\">: Semtech SX1302<\/span><span style=\"font-weight: 400;\"><br \/>\n<\/span><\/li>\n<li style=\"font-weight: 400;\" aria-level=\"1\"><b>C\u00f4ng su\u1ea5t ph\u00e1t (TX)<\/b><span style=\"font-weight: 400;\">: l\u00ean \u0111\u1ebfn 27 dBm<\/span><span style=\"font-weight: 400;\"><br \/>\n<\/span><\/li>\n<li style=\"font-weight: 400;\" aria-level=\"1\"><b>\u0110\u1ed9 nh\u1ea1y thu (RX)<\/b><span style=\"font-weight: 400;\">: \u0111\u1ebfn -139 dBm @ SF12, BW125kHz<\/span><span style=\"font-weight: 400;\"><br \/>\n<\/span><\/li>\n<li style=\"font-weight: 400;\" aria-level=\"1\"><b>D\u1ea3i t\u1ea7n LoRa h\u1ed7 tr\u1ee3<\/b><span style=\"font-weight: 400;\">: RU864, IN865, EU868, US915, AU915, KR920, AS923<\/span><span style=\"font-weight: 400;\"><br \/>\n<\/span><\/li>\n<li style=\"font-weight: 400;\" aria-level=\"1\"><b>K\u1ebft n\u1ed1i kh\u00f4ng d\u00e2y<\/b><span style=\"font-weight: 400;\">:<\/span><span style=\"font-weight: 400;\"><br \/>\n<\/span><\/p>\n<ul>\n<li style=\"font-weight: 400;\" aria-level=\"2\"><span style=\"font-weight: 400;\">H\u1ed7 tr\u1ee3 <\/span><b>Bluetooth 5.2<\/b><b><br \/>\n<\/b><\/li>\n<li style=\"font-weight: 400;\" aria-level=\"2\"><span style=\"font-weight: 400;\">H\u1ed7 tr\u1ee3 th\u1ebb SIM (<\/span><b>LTE Cat1\/M1<\/b><span style=\"font-weight: 400;\">)<\/span><span style=\"font-weight: 400;\"><br \/>\n<\/span><\/li>\n<li style=\"font-weight: 400;\" aria-level=\"2\"><span style=\"font-weight: 400;\">H\u1ed7 tr\u1ee3 \u0111\u1ecbnh v\u1ecb: <\/span><b>GPS, GLONASS, Galileo, QZSS<\/b><b><br \/>\n<\/b><\/li>\n<li style=\"font-weight: 400;\" aria-level=\"2\"><span style=\"font-weight: 400;\">T\u00edch h\u1ee3p <\/span><b>Wi-Fi 2.4GHz<\/b><\/li>\n<\/ul>\n<\/li>\n<\/ul>\n<ul>\n<li style=\"font-weight: 400;\" aria-level=\"1\"><b>C\u1ed5ng m\u1ea1ng<\/b><span style=\"font-weight: 400;\">: 1 c\u1ed5ng WAN\/LAN chuy\u1ec3n \u0111\u1ed5i, t\u1ed1c \u0111\u1ed9 10\/100 Mbps<\/span><span style=\"font-weight: 400;\"><br \/>\n<\/span><\/li>\n<li style=\"font-weight: 400;\" aria-level=\"1\"><b>Ngu\u1ed3n \u0111i\u1ec7n<\/b><span style=\"font-weight: 400;\">: PoE (44 ~ 57V)<\/span><span style=\"font-weight: 400;\"><br \/>\n<\/span><\/li>\n<li style=\"font-weight: 400;\" aria-level=\"1\"><b>Ch\u1ed1ng n\u01b0\u1edbc<\/b><span style=\"font-weight: 400;\">: <\/span><b>V\u1ecf ngo\u00e0i chu\u1ea9n IP66<\/b><b><br \/>\n<\/b><\/li>\n<li style=\"font-weight: 400;\" aria-level=\"1\"><b>H\u1ed7 tr\u1ee3 c\u1eadp nh\u1eadt t\u1eeb xa (OTA)<\/b><b><br \/>\n<\/b><\/li>\n<li aria-level=\"1\"><b>Nhi\u1ec7t \u0111\u1ed9 ho\u1ea1t \u0111\u1ed9ng<\/b><span style=\"font-weight: 400;\">: -20\u2103 \u0111\u1ebfn 65\u2103<\/span><\/li>\n<\/ul>\n","protected":false},"featured_media":3038,"comment_status":"open","ping_status":"closed","template":"","meta":[],"product_cat":[40],"product_tag":[104,105],"class_list":{"0":"post-5089","1":"product","2":"type-product","3":"status-publish","4":"has-post-thumbnail","6":"product_cat-industrial-iot-iiot-gateways","7":"product_tag-atgw-014","8":"product_tag-lorawan-gateway","10":"first","11":"instock","12":"shipping-taxable","13":"product-type-simple"},"_links":{"self":[{"href":"https:\/\/www.antekgroup.vn\/vi\/wp-json\/wp\/v2\/product\/5089","targetHints":{"allow":["GET"]}}],"collection":[{"href":"https:\/\/www.antekgroup.vn\/vi\/wp-json\/wp\/v2\/product"}],"about":[{"href":"https:\/\/www.antekgroup.vn\/vi\/wp-json\/wp\/v2\/types\/product"}],"replies":[{"embeddable":true,"href":"https:\/\/www.antekgroup.vn\/vi\/wp-json\/wp\/v2\/comments?post=5089"}],"wp:featuredmedia":[{"embeddable":true,"href":"https:\/\/www.antekgroup.vn\/vi\/wp-json\/wp\/v2\/media\/3038"}],"wp:attachment":[{"href":"https:\/\/www.antekgroup.vn\/vi\/wp-json\/wp\/v2\/media?parent=5089"}],"wp:term":[{"taxonomy":"product_cat","embeddable":true,"href":"https:\/\/www.antekgroup.vn\/vi\/wp-json\/wp\/v2\/product_cat?post=5089"},{"taxonomy":"product_tag","embeddable":true,"href":"https:\/\/www.antekgroup.vn\/vi\/wp-json\/wp\/v2\/product_tag?post=5089"}],"curies":[{"name":"wp","href":"https:\/\/api.w.org\/{rel}","templated":true}]}}