{"id":5084,"date":"2025-05-24T14:05:26","date_gmt":"2025-05-24T14:05:26","guid":{"rendered":"https:\/\/antekgroup.vn\/?post_type=product&#038;p=5084"},"modified":"2025-05-25T09:38:05","modified_gmt":"2025-05-25T09:38:05","slug":"bo-gateway-tinh-toan-bien-iiotatgw-089-i-mx8m","status":"publish","type":"product","link":"https:\/\/www.antekgroup.vn\/vi\/product\/bo-gateway-tinh-toan-bien-iiotatgw-089-i-mx8m\/","title":{"rendered":"B\u1ed9 Gateway t\u00ednh to\u00e1n bi\u00ean IIOTATGW-089 i.MX8m"},"content":{"rendered":"<h2><b>1. Gi\u1edbi thi\u1ec7u v\u1ec1 Gateway T\u00ednh To\u00e1n Bi\u00ean IIOTATGW-089 Lift<\/b><\/h2>\n<div>\n<p><b>1.1. M\u1ee5c \u0111\u00edch &amp; M\u00f4 t\u1ea3<\/b><\/p>\n<div>\n<p><span style=\"font-weight: 400;\">Gateway T\u00ednh To\u00e1n Bi\u00ean C\u00f4ng Nghi\u1ec7pATGW-089 cung c\u1ea5p k\u1ebft n\u1ed1i Internet kh\u00f4ng gi\u00e1n \u0111o\u1ea1n cho m\u00e1y m\u00f3c th\u00f4ng qua m\u1ea1ng kh\u00f4ng d\u00e2y 3G\/4G ph\u1ed5 bi\u1ebfn v\u00e0 nhi\u1ec1u d\u1ecbch v\u1ee5 b\u0103ng th\u00f4ng r\u1ed9ng.<\/span><\/p>\n<p><span style=\"font-weight: 400;\">V\u1edbi kh\u1ea3 n\u0103ng t\u00ednh to\u00e1n bi\u00ean m\u1ea1nh m\u1ebd, b\u1ea3o m\u1eadt to\u00e0n di\u1ec7n v\u00e0 h\u1ed7 tr\u1ee3 d\u1ecbch v\u1ee5 kh\u00f4ng d\u00e2y, thi\u1ebft b\u1ecb n\u00e0y th\u1ef1c hi\u1ec7n:<\/span><\/p>\n<ul>\n<li style=\"font-weight: 400;\" aria-level=\"1\"><span style=\"font-weight: 400;\">T\u1ed1i \u01b0u h\u00f3a d\u1eef li\u1ec7u<\/span><\/li>\n<li style=\"font-weight: 400;\" aria-level=\"1\"><span style=\"font-weight: 400;\">Ph\u1ea3n h\u1ed3i theo th\u1eddi gian th\u1ef1c<\/span><\/li>\n<li style=\"font-weight: 400;\" aria-level=\"1\"><span style=\"font-weight: 400;\">K\u1ebft n\u1ed1i linh ho\u1ea1t<\/span><\/li>\n<li style=\"font-weight: 400;\" aria-level=\"1\"><span style=\"font-weight: 400;\">Ph\u00e2n t\u00edch th\u00f4ng minh ngay t\u1ea1i bi\u00ean m\u1ea1ng IoT<\/span><span style=\"font-weight: 400;\"><br \/>\n<\/span><\/li>\n<\/ul>\n<p><span style=\"font-weight: 400;\">Nh\u1edd \u0111\u00f3, n\u00f3 gi\u00fap gi\u1ea3m \u0111\u00e1ng k\u1ec3 l\u01b0u l\u01b0\u1ee3ng d\u1eef li\u1ec7u gi\u1eefa c\u00e1c \u0111i\u1ec3m hi\u1ec7n tr\u01b0\u1eddng v\u00e0 trung t\u00e2m d\u1eef li\u1ec7u, \u0111\u1ed3ng th\u1eddi tr\u00e1nh t\u00ecnh tr\u1ea1ng ngh\u1ebdn c\u1ed5 chai trong x\u1eed l\u00fd t\u1ea1i \u0111\u00e1m m\u00e2y.<\/span><\/p>\n<div>\n<p><b>1.2. T\u00f3m T\u1eaft T\u00ednh N\u0103ng S\u1ea3n Ph\u1ea9m<\/b><\/p>\n<div>\n<ul>\n<li style=\"list-style-type: none;\">\n<ul>\n<li>\n<ul>\n<li style=\"font-weight: 400;\" aria-level=\"1\"><b>T\u00edch h\u1ee3p d\u1ef1 ph\u00f2ng s\u1eb5n c\u00f3<\/b><span style=\"font-weight: 400;\">: H\u1ed7 tr\u1ee3 th\u1ebb SIM k\u00e9p, sao l\u01b0u k\u1ebft n\u1ed1i, ch\u1ebf \u0111\u1ed9 ch\u1edd n\u00f3ng VRRP \u2013 \u0111\u1ea3m b\u1ea3o k\u1ebft n\u1ed1i m\u1ea1ng kh\u00f4ng b\u1ecb gi\u00e1n \u0111o\u1ea1n.<\/span><span style=\"font-weight: 400;\"><br \/>\n<\/span><\/li>\n<li style=\"font-weight: 400;\" aria-level=\"1\"><b>Hi\u1ec7u su\u1ea5t t\u00ednh to\u00e1n m\u1ea1nh m\u1ebd<\/b><span style=\"font-weight: 400;\">: Cung c\u1ea5p t\u00e0i nguy\u00ean x\u1eed l\u00fd hi\u1ec7u su\u1ea5t cao cho c\u00e1c t\u00e1c v\u1ee5 t\u00ednh to\u00e1n bi\u00ean.<\/span><span style=\"font-weight: 400;\"><br \/>\n<\/span><\/li>\n<li style=\"font-weight: 400;\" aria-level=\"1\"><b>H\u1ed7 tr\u1ee3 nhi\u1ec1u giao th\u1ee9c Ethernet th\u1eddi gian th\u1ef1c v\u00e0 bus tr\u01b0\u1eddng c\u00f4ng nghi\u1ec7p<\/b><span style=\"font-weight: 400;\">: T\u01b0\u01a1ng th\u00edch v\u1edbi \u0111a d\u1ea1ng thi\u1ebft b\u1ecb c\u00f4ng nghi\u1ec7p.<\/span><span style=\"font-weight: 400;\"><br \/>\n<\/span><\/li>\n<li style=\"font-weight: 400;\" aria-level=\"1\"><b>H\u1ed7 tr\u1ee3 l\u1eadp tr\u00ecnh Python<\/b><span style=\"font-weight: 400;\">: Cho ph\u00e9p ph\u00e1t tri\u1ec3n c\u00e1c \u1ee9ng d\u1ee5ng t\u00f9y ch\u1ec9nh b\u1edfi ng\u01b0\u1eddi d\u00f9ng.<\/span><span style=\"font-weight: 400;\"><br \/>\n<\/span><\/li>\n<li style=\"font-weight: 400;\" aria-level=\"1\"><b>T\u00edch h\u1ee3p v\u1edbi c\u00e1c n\u1ec1n t\u1ea3ng \u0111i\u1ec7n to\u00e1n \u0111\u00e1m m\u00e2y c\u00f4ng nghi\u1ec7p<\/b><span style=\"font-weight: 400;\">: H\u1ed7 tr\u1ee3 Microsoft Azure v\u00e0 Amazon AWS.<\/span><span style=\"font-weight: 400;\"><br \/>\n<\/span><\/li>\n<li style=\"font-weight: 400;\" aria-level=\"1\"><b>D\u1ec5 d\u00e0ng qu\u1ea3n l\u00fd v\u00e0 tri\u1ec3n khai quy m\u00f4 l\u1edbn<\/b><span style=\"font-weight: 400;\">: H\u1ed7 tr\u1ee3 giao th\u1ee9c SNMP v\u00e0 n\u1ec1n t\u1ea3ng qu\u1ea3n l\u00fd thi\u1ebft b\u1ecb t\u1eeb xa (Device Manager) cho qu\u1ea3n tr\u1ecb t\u1eadp trung hi\u1ec7u qu\u1ea3.<\/span><span style=\"font-weight: 400;\"><br \/>\n<\/span><\/li>\n<li style=\"font-weight: 400;\" aria-level=\"1\"><b>Thi\u1ebft k\u1ebf \u0111\u1ea1t chu\u1ea9n c\u00f4ng nghi\u1ec7p<\/b><span style=\"font-weight: 400;\">: Ho\u1ea1t \u0111\u1ed9ng b\u1ec1n b\u1ec9 trong \u0111i\u1ec1u ki\u1ec7n kh\u1eafc nghi\u1ec7t.<\/span><span style=\"font-weight: 400;\"><br \/>\n<\/span><\/li>\n<li style=\"font-weight: 400;\" aria-level=\"1\"><b>H\u1ed7 tr\u1ee3 nhi\u1ec1u giao th\u1ee9c kh\u00f4ng d\u00e2y<\/b><span style=\"font-weight: 400;\">: Bluetooth 5.2, Wi-Fi, 4G LTE CAT4.<\/span><\/li>\n<li style=\"font-weight: 400;\" aria-level=\"1\"><span style=\"font-weight: 400;\"><b>H\u1ed7 tr\u1ee3 pin d\u1ef1 ph\u00f2ng Li-ion<\/b>: \u0110\u1ea3m b\u1ea3o ho\u1ea1t \u0111\u1ed9ng li\u00ean t\u1ee5c ngay c\u1ea3 khi m\u1ea5t \u0111i\u1ec7n<\/span><\/li>\n<\/ul>\n<\/li>\n<\/ul>\n<\/li>\n<\/ul>\n<p><b>1.3. S\u01a1 \u0111\u1ed3 kh\u1ed1i ph\u1ea7n c\u1ee9ng<\/b><\/p>\n<div>\n<p><img loading=\"lazy\" decoding=\"async\" class=\"aligncenter\" src=\"https:\/\/antekgroup.vn\/wp-content\/uploads\/2025\/05\/atgw-089-i-mx8m-lift-iiot-edge-computing-gateway-2986.jpg\" alt=\"product explosion diagram\" width=\"871\" height=\"636\" \/><\/p>\n<p>&nbsp;<\/p>\n<p><b>1.4. Y\u00eau c\u1ea7u c\u01a1 kh\u00ed<\/b><\/p>\n<p><img loading=\"lazy\" decoding=\"async\" class=\"size-full wp-image-3777 aligncenter\" src=\"https:\/\/antekgroup.vn\/wp-content\/uploads\/2025\/05\/dsgw-089-5-768x558-1.png\" alt=\"\" width=\"768\" height=\"558\" srcset=\"https:\/\/www.antekgroup.vn\/wp-content\/uploads\/2025\/05\/dsgw-089-5-768x558-1.png 768w, https:\/\/www.antekgroup.vn\/wp-content\/uploads\/2025\/05\/dsgw-089-5-768x558-1-640x465.png 640w, https:\/\/www.antekgroup.vn\/wp-content\/uploads\/2025\/05\/dsgw-089-5-768x558-1-400x291.png 400w, https:\/\/www.antekgroup.vn\/wp-content\/uploads\/2025\/05\/dsgw-089-5-768x558-1-367x267.png 367w, https:\/\/www.antekgroup.vn\/wp-content\/uploads\/2025\/05\/dsgw-089-5-768x558-1-600x436.png 600w\" sizes=\"auto, (max-width: 768px) 100vw, 768px\" \/><\/p>\n<p><b>1.5. Giao di\u1ec7n ph\u1ea7n c\u1ee9ng<\/b><\/p>\n<p><img loading=\"lazy\" decoding=\"async\" class=\"attachment-large size-large wp-image-30934 aligncenter\" title=\"DSGW-089 i.MX8m Lift IIOT Edge Computing Gateway 3\" src=\"https:\/\/antekgroup.vn\/wp-content\/uploads\/2025\/05\/atgw-089-i-mx8m-lift-iiot-edge-computing-gateway-2986-2.jpg\" sizes=\"auto, (max-width: 800px) 100vw, 800px\" srcset=\"https:\/\/antekgroup.vn\/wp-content\/uploads\/2025\/05\/atgw-089-i-mx8m-lift-iiot-edge-computing-gateway-2986-2.jpg 1024w, https:\/\/www.dusuniot.com\/wp-content\/uploads\/2023\/03\/DSGW-089-2-600x84.png 600w, https:\/\/www.dusuniot.com\/wp-content\/uploads\/2023\/03\/DSGW-089-2-300x42.png 300w, https:\/\/www.dusuniot.com\/wp-content\/uploads\/2023\/03\/DSGW-089-2-768x107.png 768w, https:\/\/www.dusuniot.com\/wp-content\/uploads\/2023\/03\/DSGW-089-2-1536x215.png 1536w, https:\/\/www.dusuniot.com\/wp-content\/uploads\/2023\/03\/DSGW-089-2-2048x286.png 2048w\" alt=\"DSGW 089 2\" width=\"800\" height=\"112\" \/><b><\/b><\/p>\n<p><b>1.6. K\u00edch th\u01b0\u1edbc<\/b><\/p>\n<div>\n<p><img loading=\"lazy\" decoding=\"async\" class=\"attachment-large size-large wp-image-30935 aligncenter\" title=\"DSGW-089 i.MX8m Lift IIOT Edge Computing Gateway 4\" src=\"https:\/\/antekgroup.vn\/wp-content\/uploads\/2025\/05\/atgw-089-i-mx8m-lift-iiot-edge-computing-gateway-2986-3.jpg\" sizes=\"auto, (max-width: 800px) 100vw, 800px\" srcset=\"https:\/\/antekgroup.vn\/wp-content\/uploads\/2025\/05\/atgw-089-i-mx8m-lift-iiot-edge-computing-gateway-2986-3.jpg 1024w, https:\/\/www.dusuniot.com\/wp-content\/uploads\/2023\/03\/DSGW-089-3-600x383.png 600w, https:\/\/www.dusuniot.com\/wp-content\/uploads\/2023\/03\/DSGW-089-3-300x192.png 300w, https:\/\/www.dusuniot.com\/wp-content\/uploads\/2023\/03\/DSGW-089-3-768x491.png 768w, https:\/\/www.dusuniot.com\/wp-content\/uploads\/2023\/03\/DSGW-089-3-1536x981.png 1536w, https:\/\/www.dusuniot.com\/wp-content\/uploads\/2023\/03\/DSGW-089-3-2048x1309.png 2048w\" alt=\"DSGW 089 3\" width=\"800\" height=\"511\" \/><\/p>\n<p><b>1.7. L\u1eafp \u0111\u1eb7t pin<\/b><\/p>\n<div>\n<p><img loading=\"lazy\" decoding=\"async\" class=\"attachment-large size-large wp-image-30936 aligncenter\" title=\"DSGW-089 i.MX8m Lift IIOT Edge Computing Gateway 5\" src=\"https:\/\/antekgroup.vn\/wp-content\/uploads\/2025\/05\/atgw-089-i-mx8m-lift-iiot-edge-computing-gateway-2986-4.jpg\" sizes=\"auto, (max-width: 800px) 100vw, 800px\" srcset=\"https:\/\/antekgroup.vn\/wp-content\/uploads\/2025\/05\/atgw-089-i-mx8m-lift-iiot-edge-computing-gateway-2986-4.jpg 1024w, https:\/\/www.dusuniot.com\/wp-content\/uploads\/2023\/03\/DSGW-089-4-600x392.png 600w, https:\/\/www.dusuniot.com\/wp-content\/uploads\/2023\/03\/DSGW-089-4-300x196.png 300w, https:\/\/www.dusuniot.com\/wp-content\/uploads\/2023\/03\/DSGW-089-4-768x502.png 768w, https:\/\/www.dusuniot.com\/wp-content\/uploads\/2023\/03\/DSGW-089-4-1536x1003.png 1536w, https:\/\/www.dusuniot.com\/wp-content\/uploads\/2023\/03\/DSGW-089-4-2048x1337.png 2048w\" alt=\"DSGW 089 4\" width=\"800\" height=\"523\" \/><\/p>\n<h2><b>2. Th\u00f4ng s\u1ed1 k\u1ef9 thu\u1eadt c\u1ee7a Gateway T\u00ednh To\u00e1n Bi\u00ean IIOT ATGW-089 Lift<\/b><\/h2>\n<table style=\"height: 833px;\" width=\"1133\">\n<tbody>\n<tr>\n<td><b>H\u1ea1ng m\u1ee5c<\/b><\/td>\n<td><b>Th\u00f4ng s\u1ed1<\/b><\/td>\n<\/tr>\n<tr>\n<td><b>CPU<\/b><\/td>\n<td>NXP i.MX8M mini b\u1ed1n nh\u00e2n Cortex-A53 v\u00e0 Arm\u00ae Cortex-M4F<\/td>\n<\/tr>\n<tr>\n<td><b>H\u1ec7 \u0111i\u1ec1u h\u00e0nh<\/b><\/td>\n<td>Yocto 3.1 (Dunfell)<\/td>\n<\/tr>\n<tr>\n<td><b>Docker<\/b><\/td>\n<td>H\u1ed7 tr\u1ee3<\/td>\n<\/tr>\n<tr>\n<td><b>RAM<\/b><\/td>\n<td>1GB<\/td>\n<\/tr>\n<tr>\n<td><b>B\u1ed9 nh\u1edb trong<\/b><\/td>\n<td>8GB eMMC<\/td>\n<\/tr>\n<tr>\n<td><b>Ngu\u1ed3n c\u1ea5p<\/b><\/td>\n<td>\u0110\u1ea7u v\u00e0o: DC 12V~24V<\/td>\n<\/tr>\n<tr>\n<td><b>\u0110\u00e8n LED hi\u1ec3n th\u1ecb<\/b><\/td>\n<td>&#8211; \u0110\u00e8n ngu\u1ed3n: s\u00e1ng khi thi\u1ebft b\u1ecb \u0111\u01b0\u1ee3c c\u1ea5p ngu\u1ed3n &#8211; \u0110\u00e8n BLE: nh\u1ea5p nh\u00e1y khi c\u00f3 t\u00edn hi\u1ec7u \u0111\u1ebfn &#8211; \u0110\u00e8n m\u1ea1ng: nh\u1ea5p nh\u00e1y khi gateway truy c\u1eadp \u0111\u01b0\u1ee3c Internet &#8211; \u0110\u00e8n Ethernet: nh\u1ea5p nh\u00e1y khi c\u1ed5ng m\u1ea1ng \u0111\u01b0\u1ee3c c\u1eafm c\u00e1p Internet &#8211; \u0110\u00e8n t\u00edn hi\u1ec7u LTE: hi\u1ec3n th\u1ecb c\u01b0\u1eddng \u0111\u1ed9 t\u00edn hi\u1ec7u LTE<\/td>\n<\/tr>\n<tr>\n<td><b>N\u00fat reset<\/b><\/td>\n<td>Reset ph\u1ea7n c\u1ee9ng<\/td>\n<\/tr>\n<tr>\n<td><b>N\u00fat ng\u01b0\u1eddi d\u00f9ng<\/b><\/td>\n<td>N\u00fat ph\u1ea7n m\u1ec1m t\u00f9y ch\u1ec9nh<\/td>\n<\/tr>\n<tr>\n<td><b>C\u1ed5ng I\/O<\/b><\/td>\n<td>&#8211; 1 k\u00eanh \u0111\u1ea7u v\u00e0o s\u1ed1 DI (th\u1ee5 \u0111\u1ed9ng) &#8211; 1 k\u00eanh \u0111\u1ea7u ra s\u1ed1 DO \u2013 t\u1ea3i t\u1ed1i \u0111a 5A@30VDC ho\u1eb7c 250VAC &#8211; 1 k\u00eanh \u0111\u1ea7u v\u00e0o t\u01b0\u01a1ng t\u1ef1 AI \u00a0 \u00a0 + D\u00f2ng: 0\u201320mA, 4\u201320mA \u00a0 \u00a0 + \u0110i\u1ec7n \u00e1p: 0\u20135VDC, 0\u201310VDC \u00a0 \u00a0 + Ch\u1ecdn m\u1ed9t trong b\u1ed1n d\u1ea3i tr\u00ean<\/td>\n<\/tr>\n<tr>\n<td><b>Ethernet<\/b><\/td>\n<td>1 c\u1ed5ng WAN\/LAN 100\/1000Mbps<\/td>\n<\/tr>\n<tr>\n<td><b>USB<\/b><\/td>\n<td>USB 2.0<\/td>\n<\/tr>\n<tr>\n<td><b>\u00c2m thanh<\/b><\/td>\n<td>K, Y, 12, GND<\/td>\n<\/tr>\n<tr>\n<td><b>Khe SIM\/th\u1ebb SD<\/b><\/td>\n<td>1 khe SIM, 1 khe th\u1ebb SD<\/td>\n<\/tr>\n<tr>\n<td><b>\u0102ng-ten<\/b><\/td>\n<td>2 c\u1ed5ng SMA: 1 cho LTE, 1 cho WiFi\/BLE<\/td>\n<\/tr>\n<tr>\n<td><b>RS232\/RS485\/RS422<\/b><\/td>\n<td>1 c\u1ed5ng RS232, 1 c\u1ed5ng RS485, 1 c\u1ed5ng RS422<\/td>\n<\/tr>\n<tr>\n<td><b>CAN<\/b><\/td>\n<td>2 c\u1ed5ng CAN (ngu\u1ed3n ri\u00eang v\u00e0 c\u00e1ch ly \u0111i\u1ec7n)<\/td>\n<\/tr>\n<tr>\n<td><b>Pin Li-ion<\/b><\/td>\n<td>Duy tr\u00ec ho\u1ea1t \u0111\u1ed9ng t\u1eeb 1 \u0111\u1ebfn 2 gi\u1edd<\/td>\n<\/tr>\n<tr>\n<td><b>TPM (M\u00f4-\u0111un n\u1ec1n t\u1ea3ng tin c\u1eady)<\/b><\/td>\n<td>&#8211; Chip: ATTPM20P &#8211; H\u1ed7 tr\u1ee3 m\u00e3 h\u00f3a: HMAC, AES-128, SHA-1, SHA-256, ECC BN_P256, ECC NIST_P256, RSA 1024\u20132048 bit<\/td>\n<\/tr>\n<tr>\n<td><b>L\u1eafp \u0111\u1eb7t<\/b><\/td>\n<td>DIN-rail, treo t\u01b0\u1eddng, g\u1eafn t\u1eeb t\u00ednh<\/td>\n<\/tr>\n<tr>\n<td><b>M\u1ee9c \u0111\u1ed9 b\u1ea3o v\u1ec7<\/b><\/td>\n<td>IP30<\/td>\n<\/tr>\n<tr>\n<td><b>V\u1ecf thi\u1ebft b\u1ecb<\/b><\/td>\n<td>H\u1ee3p kim nh\u00f4m<\/td>\n<\/tr>\n<tr>\n<td><b>Nhi\u1ec7t \u0111\u1ed9 l\u01b0u tr\u1eef<\/b><\/td>\n<td>-20\u2103~75\u2103<\/td>\n<\/tr>\n<tr>\n<td><b>Nhi\u1ec7t \u0111\u1ed9 ho\u1ea1t \u0111\u1ed9ng<\/b><\/td>\n<td>0\u2103~70\u2103<\/td>\n<\/tr>\n<tr>\n<td><b>\u0110\u1ed9 \u1ea9m m\u00f4i tr\u01b0\u1eddng<\/b><\/td>\n<td>5%~95%<\/td>\n<\/tr>\n<\/tbody>\n<\/table>\n<h2><strong>3. Th\u00f4ng s\u1ed1 K\u1ebft n\u1ed1i Kh\u00f4ng d\u00e2y c\u1ee7a Gateway T\u00ednh To\u00e1n Bi\u00ean IIOTATGW-089 Lift<\/strong><\/h2>\n<table style=\"height: 1011px;\" width=\"624\">\n<tbody>\n<tr>\n<td width=\"123\">H\u1ea1ng m\u1ee5c<\/td>\n<td width=\"411\">Th\u00f4ng s\u1ed1<\/td>\n<\/tr>\n<tr>\n<td rowspan=\"24\" width=\"123\">Hi\u1ec7u n\u0103ng Wi-Fi<\/td>\n<td>&#8211; Chu\u1ea9n IEEE: IEEE802.11n, IEEE802.11g, IEEE802.11b<\/td>\n<\/tr>\n<tr>\n<td>&#8211; T\u1ed1c \u0111\u1ed9 d\u1eef li\u1ec7u:<\/td>\n<\/tr>\n<tr>\n<td>\u00a0 + 802.11b: 1, 2, 5.5, 11 Mbps<\/td>\n<\/tr>\n<tr>\n<td>\u00a0 + 802.11g: 6, 9, 12, 18, 24, 36, 48, 54 Mbps<\/td>\n<\/tr>\n<tr>\n<td>\u00a0 + 802.11n: MCS0~MCS7 @ HT20\/2.4GHz<\/td>\n<\/tr>\n<tr>\n<td>&#8211; \u0110\u1ed9 nh\u1ea1y:<\/td>\n<\/tr>\n<tr>\n<td>\u00a0 + HT40 MCS7: -70dBm @ 10% PER \/ 2.4GHz<\/td>\n<\/tr>\n<tr>\n<td>\u00a0 + HT20 MCS7: -71dBm @ 10% PER \/ 2.4GHz<\/td>\n<\/tr>\n<tr>\n<td>&#8211; C\u00f4ng su\u1ea5t ph\u00e1t:<\/td>\n<\/tr>\n<tr>\n<td>\u00a0 + 802.11n: 16dBm @ HT20\/40 MCS7 \/ 2.4GHz<\/td>\n<\/tr>\n<tr>\n<td>\u00a0 + 802.11g: 16dBm @ 54MHz<\/td>\n<\/tr>\n<tr>\n<td>\u00a0 + 802.11b: 18dBm @ 11MHz<\/td>\n<\/tr>\n<tr>\n<td>&#8211; B\u1ea3o m\u1eadt kh\u00f4ng d\u00e2y: WPA\/WPA2, WEP, TKIP, AES<\/td>\n<\/tr>\n<tr>\n<td>&#8211; Ch\u1ebf \u0111\u1ed9 ho\u1ea1t \u0111\u1ed9ng: Bridge, Gateway, AP Client<\/td>\n<\/tr>\n<tr>\n<td>&#8211; Kho\u1ea3ng c\u00e1ch: t\u1ed1i thi\u1ec3u 50 m\u00e9t trong m\u00f4i tr\u01b0\u1eddng m\u1edf<\/td>\n<\/tr>\n<tr>\n<td>&#8211; C\u00f4ng su\u1ea5t ph\u00e1t: 17dBm<\/td>\n<\/tr>\n<tr>\n<td>&#8211; T\u1ed1c \u0111\u1ed9 truy\u1ec1n t\u1ed1i \u0111a: 300Mbps<\/td>\n<\/tr>\n<tr>\n<td>&#8211; Sai s\u1ed1 t\u1ea7n s\u1ed1: \u00b150 kHz<\/td>\n<\/tr>\n<tr>\n<td>&#8211; D\u1ea3i t\u1ea7n s\u1ed1 (MHz): 2412.0 ~ 2483.5<\/td>\n<\/tr>\n<tr>\n<td>&#8211; T\u1ea7n s\u1ed1 th\u1ea5p (MHz): 2400<\/td>\n<\/tr>\n<tr>\n<td>&#8211; T\u1ea7n s\u1ed1 cao (MHz): 2483.5<\/td>\n<\/tr>\n<tr>\n<td>&#8211; C\u00f4ng su\u1ea5t ph\u00e1t t\u01b0\u01a1ng \u0111\u01b0\u01a1ng (E.i.r.p) &lt; 100mW<\/td>\n<\/tr>\n<tr>\n<td>&#8211; B\u0103ng th\u00f4ng (MHz): 20 \/ 40<\/td>\n<\/tr>\n<tr>\n<td>&#8211; \u0110i\u1ec1u ch\u1ebf: BPSK\/QPSK, FHSS CCK\/DSSS, 64QAM\/OFDM<\/td>\n<\/tr>\n<tr>\n<td rowspan=\"6\" width=\"123\">Hi\u1ec7u n\u0103ng Bluetooth<\/td>\n<td>&#8211; Phi\u00ean b\u1ea3n: Bluetooth v2.1+EDR \/ 4.0 \/ 4.2<\/td>\n<\/tr>\n<tr>\n<td>&#8211; D\u1ea3i t\u1ea7n s\u1ed1: 2.4 ~ 2.4835 GHz (b\u0103ng ISM 2.4GHz)<\/td>\n<\/tr>\n<tr>\n<td>&#8211; K\u00eanh:<\/td>\n<\/tr>\n<tr>\n<td>\u00a0 + Bluetooth Classic: Ch0~Ch78 (1 MHz)<\/td>\n<\/tr>\n<tr>\n<td>\u00a0 + Bluetooth Low Energy: Ch0~Ch39 (2 MHz)<\/td>\n<\/tr>\n<tr>\n<td>&#8211; L\u1edbp<\/td>\n<\/tr>\n<\/tbody>\n<\/table>\n","protected":false},"excerpt":{"rendered":"<p><span style=\"font-weight: 400;\">B\u1ed9 Gateway t\u00ednh to\u00e1n bi\u00ean IIOTATGW-089 i.MX8m Lift cung c\u1ea5p k\u1ebft n\u1ed1i Internet li\u00ean t\u1ee5c cho c\u00e1c m\u00e1y m\u00f3c th\u00f4ng qua m\u1ea1ng kh\u00f4ng d\u00e2y v\u00e0 nhi\u1ec1u d\u1ecbch v\u1ee5 b\u0103ng th\u00f4ng r\u1ed9ng. H\u00e3y xem danh s\u00e1ch model, t\u00f3m t\u1eaft t\u00ednh n\u0103ng, s\u01a1 \u0111\u1ed3 kh\u1ed1i, thi\u1ebft k\u1ebf c\u01a1 kh\u00ed, th\u00f4ng s\u1ed1 ph\u1ea7n c\u1ee9ng v\u00e0 hi\u1ec7u su\u1ea5t k\u1ebft n\u1ed1i c\u1ee7a n\u00f3 \u0111\u1ec3 \u0111\u00e1nh gi\u00e1 \u0111\u1ed9 m\u1ea1nh m\u1ebd.<\/span><\/p>\n<p><b>M\u1ee5c L\u1ee5c<\/b><\/p>\n<ol>\n<li style=\"font-weight: 400;\" aria-level=\"1\"><span style=\"font-weight: 400;\">Gi\u1edbi thi\u1ec7u v\u1ec1 Gateway T\u00ednh To\u00e1n Bi\u00ean IIOTATGW-089 Lift<\/span><span style=\"font-weight: 400;\"><br \/>\n<\/span><\/li>\n<li style=\"font-weight: 400;\" aria-level=\"1\"><span style=\"font-weight: 400;\">Th\u00f4ng s\u1ed1 K\u1ef9 thu\u1eadt c\u1ee7a GatewayATGW-089 Lift IIOT<\/span><span style=\"font-weight: 400;\"><br \/>\n<\/span><\/li>\n<li style=\"font-weight: 400;\" aria-level=\"1\"><span style=\"font-weight: 400;\">Th\u00f4ng s\u1ed1 K\u1ebft n\u1ed1i Kh\u00f4ng d\u00e2y c\u1ee7a GatewayATGW-089 Lift IIOT<\/span><span style=\"font-weight: 400;\"><br \/>\n<\/span><\/li>\n<li style=\"font-weight: 400;\" aria-level=\"1\"><span style=\"font-weight: 400;\">Y\u00eau c\u1ea7u Ki\u1ec3m tra Ch\u1ea5t l\u01b0\u1ee3ng (QA) c\u1ee7a GatewayATGW-089 Lift IIOT<\/span><span style=\"font-weight: 400;\"><br \/>\n<\/span><\/li>\n<\/ol>\n<p><b>T\u00e0i li\u1ec7u li\u00ean quan<\/b><\/p>\n<ul>\n<li style=\"font-weight: 400;\" aria-level=\"1\"><span style=\"font-weight: 400;\">N\u00fat kh\u1ea9n c\u1ea5p Keyfob\/v\u00f2ng \u0111eo tay<\/span><span style=\"font-weight: 400;\"><br \/>\n<\/span><\/li>\n<li style=\"font-weight: 400;\" aria-level=\"1\"><span style=\"font-weight: 400;\">DSGW-210 RK3328 Gateway T\u00ednh To\u00e1n Bi\u00ean IoT (H\u1ed7 tr\u1ee3 BLE\/Zigbee\/Z-Wave\/WiFi\/LTE)<\/span><span style=\"font-weight: 400;\"><br \/>\n<\/span><\/li>\n<li style=\"font-weight: 400;\" aria-level=\"1\"><span style=\"font-weight: 400;\">DSBC-230 Th\u1ebb Bluetooth LE Th\u00f4ng minh \u0111\u1ec3 Theo d\u00f5i T\u00e0i s\u1ea3n v\u00e0 Nh\u00e2n s\u1ef1 (v\u1edbi ch\u1ee9c n\u0103ng \u0111\u1ecbnh v\u1ecb BLE AoA)<\/span><\/li>\n<\/ul>\n","protected":false},"featured_media":3778,"comment_status":"open","ping_status":"closed","template":"","meta":[],"product_cat":[40],"product_tag":[41,42],"class_list":{"0":"post-5084","1":"product","2":"type-product","3":"status-publish","4":"has-post-thumbnail","6":"product_cat-industrial-iot-iiot-gateways","7":"product_tag-atgw-089","8":"product_tag-edge-computing-gateway","10":"first","11":"instock","12":"shipping-taxable","13":"product-type-simple"},"_links":{"self":[{"href":"https:\/\/www.antekgroup.vn\/vi\/wp-json\/wp\/v2\/product\/5084","targetHints":{"allow":["GET"]}}],"collection":[{"href":"https:\/\/www.antekgroup.vn\/vi\/wp-json\/wp\/v2\/product"}],"about":[{"href":"https:\/\/www.antekgroup.vn\/vi\/wp-json\/wp\/v2\/types\/product"}],"replies":[{"embeddable":true,"href":"https:\/\/www.antekgroup.vn\/vi\/wp-json\/wp\/v2\/comments?post=5084"}],"wp:featuredmedia":[{"embeddable":true,"href":"https:\/\/www.antekgroup.vn\/vi\/wp-json\/wp\/v2\/media\/3778"}],"wp:attachment":[{"href":"https:\/\/www.antekgroup.vn\/vi\/wp-json\/wp\/v2\/media?parent=5084"}],"wp:term":[{"taxonomy":"product_cat","embeddable":true,"href":"https:\/\/www.antekgroup.vn\/vi\/wp-json\/wp\/v2\/product_cat?post=5084"},{"taxonomy":"product_tag","embeddable":true,"href":"https:\/\/www.antekgroup.vn\/vi\/wp-json\/wp\/v2\/product_tag?post=5084"}],"curies":[{"name":"wp","href":"https:\/\/api.w.org\/{rel}","templated":true}]}}