{"id":5054,"date":"2025-05-24T06:07:00","date_gmt":"2025-05-24T06:07:00","guid":{"rendered":"https:\/\/antekgroup.vn\/?post_type=product&#038;p=5054"},"modified":"2025-08-15T07:57:30","modified_gmt":"2025-08-15T07:57:30","slug":"atom-060n-nxp-i-mx-6ull-som-system-on-module","status":"publish","type":"product","link":"https:\/\/www.antekgroup.vn\/vi\/product\/atom-060n-nxp-i-mx-6ull-som-system-on-module\/","title":{"rendered":"ATOM-060N NXP I.MX 6ULL SOM (System on Module)"},"content":{"rendered":"<p><span style=\"font-weight: 400;\">ATOM-060N l\u00e0 m\u1ed9t m\u00f4-\u0111un h\u1ec7 th\u1ed1ng (SoM) nh\u1ecf g\u1ecdn, c\u00f4ng nghi\u1ec7p, ch\u1ea1y Linux nh\u00fang, d\u1ef1a tr\u00ean chip NXP i.MX 6ULL v\u1edbi ARM Cortex-A7. Thi\u1ebft k\u1ebf t\u1ed1i \u01b0u cho c\u00e1c \u1ee9ng d\u1ee5ng nh\u00fang c\u1ea7n s\u1ef1 \u1ed5n \u0111\u1ecbnh v\u00e0 tin c\u1eady cao.<\/span><span style=\"font-weight: 400;\"><br \/>\n<\/span><br \/>\n<img loading=\"lazy\" decoding=\"async\" class=\"size-full wp-image-3464 aligncenter\" src=\"https:\/\/antekgroup.vn\/wp-content\/uploads\/2025\/05\/Screenshot_115.png\" alt=\"\" width=\"1047\" height=\"361\" srcset=\"https:\/\/www.antekgroup.vn\/wp-content\/uploads\/2025\/05\/Screenshot_115.png 1047w, https:\/\/www.antekgroup.vn\/wp-content\/uploads\/2025\/05\/Screenshot_115-1024x353.png 1024w, https:\/\/www.antekgroup.vn\/wp-content\/uploads\/2025\/05\/Screenshot_115-768x265.png 768w, https:\/\/www.antekgroup.vn\/wp-content\/uploads\/2025\/05\/Screenshot_115-640x221.png 640w, https:\/\/www.antekgroup.vn\/wp-content\/uploads\/2025\/05\/Screenshot_115-400x138.png 400w, https:\/\/www.antekgroup.vn\/wp-content\/uploads\/2025\/05\/Screenshot_115-367x127.png 367w, https:\/\/www.antekgroup.vn\/wp-content\/uploads\/2025\/05\/Screenshot_115-600x207.png 600w\" sizes=\"auto, (max-width: 1047px) 100vw, 1047px\" \/><\/p>\n<ul>\n<li style=\"font-weight: 400;\" aria-level=\"1\"><b>B\u1ed9 nh\u1edb linh ho\u1ea1t:<\/b><b><br \/>\n<\/b><span style=\"font-weight: 400;\"> H\u1ed7 tr\u1ee3 \u0111a d\u1ea1ng c\u1ea5u h\u00ecnh b\u1ed9 nh\u1edb nh\u01b0 DDR3L, NAND Flash, eMMC v\u00e0 th\u1ebb nh\u1edb SD \u0111\u1ec3 \u0111\u00e1p \u1ee9ng c\u00e1c y\u00eau c\u1ea7u kh\u00e1c nhau t\u1eeb kh\u00e1ch h\u00e0ng.<\/span>&nbsp;<\/li>\n<li style=\"font-weight: 400;\" aria-level=\"1\"><b>\u0110\u1ed9 tin c\u1eady c\u00f4ng nghi\u1ec7p:<\/b><b><br \/>\n<\/b><span style=\"font-weight: 400;\"> \u0110\u00e3 tr\u1ea3i qua c\u00e1c b\u00e0i ki\u1ec3m tra nhi\u1ec7t \u0111\u1ed9 cao-th\u1ea5p v\u00e0 kh\u1edfi \u0111\u1ed9ng l\u1ea1i li\u00ean t\u1ee5c \u0111\u1ec3 \u0111\u1ea3m b\u1ea3o ho\u1ea1t \u0111\u1ed9ng \u1ed5n \u0111\u1ecbnh trong m\u00f4i tr\u01b0\u1eddng c\u00f4ng nghi\u1ec7p kh\u1eafc nghi\u1ec7t.<\/span>&nbsp;<\/li>\n<li style=\"font-weight: 400;\" aria-level=\"1\"><b>H\u1ec7 \u0111i\u1ec1u h\u00e0nh:<\/b><b><br \/>\n<\/b><span style=\"font-weight: 400;\"> H\u1ed7 tr\u1ee3 Linux v\u1edbi nhi\u1ec1u b\u1ea3n ph\u00e2n ph\u1ed1i ph\u1ed5 bi\u1ebfn nh\u01b0 Debian v\u00e0 Ubuntu, k\u00e8m theo t\u00e0i li\u1ec7u ph\u00e1t tri\u1ec3n v\u00e0 ngu\u1ed3n ph\u1ea7n m\u1ec1m m\u1edf gi\u00fap t\u0103ng hi\u1ec7u qu\u1ea3 ph\u00e1t tri\u1ec3n s\u1ea3n ph\u1ea9m.<\/span>&nbsp;<\/li>\n<li style=\"font-weight: 400;\" aria-level=\"1\"><b>Th\u00f4ng s\u1ed1 k\u1ef9 thu\u1eadt ch\u00ednh:<\/b>&nbsp;\n<ul>\n<li style=\"font-weight: 400;\" aria-level=\"2\"><span style=\"font-weight: 400;\">CPU: NXP i.MX 6ULL, ARM Cortex-A7<\/span>&nbsp;<\/li>\n<li style=\"font-weight: 400;\" aria-level=\"2\"><span style=\"font-weight: 400;\">RAM: 512 MB<\/span>&nbsp;<\/li>\n<li style=\"font-weight: 400;\" aria-level=\"2\"><span style=\"font-weight: 400;\">B\u1ed9 nh\u1edb eMMC: 8 GB (tu\u1ef3 ch\u1ecdn)<\/span>&nbsp;<\/li>\n<li style=\"font-weight: 400;\" aria-level=\"2\"><span style=\"font-weight: 400;\">Nhi\u1ec7t \u0111\u1ed9 ho\u1ea1t \u0111\u1ed9ng: -40\u00b0C \u0111\u1ebfn 85\u00b0C (ph\u00f9 h\u1ee3p m\u00f4i tr\u01b0\u1eddng c\u00f4ng nghi\u1ec7p)<\/span>&nbsp;<\/li>\n<li style=\"font-weight: 400;\" aria-level=\"2\"><span style=\"font-weight: 400;\">Giao di\u1ec7n ngo\u1ea1i vi \u0111a d\u1ea1ng, linh ho\u1ea1t cho nhi\u1ec1u \u1ee9ng d\u1ee5ng<\/span>&nbsp;<\/li>\n<li style=\"font-weight: 400;\" aria-level=\"2\"><span style=\"font-weight: 400;\">K\u00edch th\u01b0\u1edbc nh\u1ecf g\u1ecdn: 38mm x 38mm<\/span><\/li>\n<\/ul>\n<\/li>\n<\/ul>\n<div>\n<h2><b>ATOM-060N NXP i.MX6ULL SoM<\/b><\/h2>\n<\/div>\n<div>\n<p><b>Hi\u1ec7u n\u0103ng cao \u2013 Ti\u00eau th\u1ee5 \u0111i\u1ec7n n\u0103ng th\u1ea5p<\/b><\/p>\n<p><span style=\"font-weight: 400;\">M\u00f4-\u0111un h\u1ec7 th\u1ed1ng ATOM-060N \u0111\u01b0\u1ee3c trang b\u1ecb b\u1ed9 x\u1eed l\u00fd i.MX6ULL m\u1ea1nh m\u1ebd d\u1ef1a tr\u00ean ki\u1ebfn tr\u00fac ARM Cortex-A7 v\u1edbi xung nh\u1ecbp l\u00ean \u0111\u1ebfn 800MHz. Ki\u1ebfn tr\u00fac qu\u1ea3n l\u00fd n\u0103ng l\u01b0\u1ee3ng ti\u00ean ti\u1ebfn t\u00edch h\u1ee3p gi\u00fap t\u1ed1i \u01b0u h\u00f3a ti\u00eau th\u1ee5 \u0111i\u1ec7n n\u0103ng, kh\u00f4ng ch\u1ec9 \u0111\u01a1n gi\u1ea3n h\u00f3a thi\u1ebft k\u1ebf ngu\u1ed3n c\u1ea5p m\u00e0 c\u00f2n k\u00e9o d\u00e0i tu\u1ed5i th\u1ecd pin cho c\u00e1c \u1ee9ng d\u1ee5ng di \u0111\u1ed9ng v\u00e0 thi\u1ebft b\u1ecb s\u1eed d\u1ee5ng n\u0103ng l\u01b0\u1ee3ng th\u1ea5p.<\/span><\/p>\n<p><img loading=\"lazy\" decoding=\"async\" class=\"size-full wp-image-3462 aligncenter\" src=\"https:\/\/antekgroup.vn\/wp-content\/uploads\/2025\/05\/dsom-060n-imx-6ull-high-performance-low-power-consumption.webp\" alt=\"\" width=\"1140\" height=\"360\" srcset=\"https:\/\/www.antekgroup.vn\/wp-content\/uploads\/2025\/05\/dsom-060n-imx-6ull-high-performance-low-power-consumption.webp 1140w, https:\/\/www.antekgroup.vn\/wp-content\/uploads\/2025\/05\/dsom-060n-imx-6ull-high-performance-low-power-consumption-1024x323.webp 1024w, https:\/\/www.antekgroup.vn\/wp-content\/uploads\/2025\/05\/dsom-060n-imx-6ull-high-performance-low-power-consumption-768x243.webp 768w, https:\/\/www.antekgroup.vn\/wp-content\/uploads\/2025\/05\/dsom-060n-imx-6ull-high-performance-low-power-consumption-640x202.webp 640w, https:\/\/www.antekgroup.vn\/wp-content\/uploads\/2025\/05\/dsom-060n-imx-6ull-high-performance-low-power-consumption-400x126.webp 400w, https:\/\/www.antekgroup.vn\/wp-content\/uploads\/2025\/05\/dsom-060n-imx-6ull-high-performance-low-power-consumption-367x116.webp 367w, https:\/\/www.antekgroup.vn\/wp-content\/uploads\/2025\/05\/dsom-060n-imx-6ull-high-performance-low-power-consumption-600x189.webp 600w\" sizes=\"auto, (max-width: 1140px) 100vw, 1140px\" \/><\/p>\n<div>\n<h3><b>Giao di\u1ec7n \u0111a d\u1ea1ng \u2013 \u0110\u00e1p \u1ee9ng nhi\u1ec1u k\u1ecbch b\u1ea3n \u1ee9ng d\u1ee5ng c\u00f4ng nghi\u1ec7p<\/b><\/h3>\n<p><span style=\"font-weight: 400;\">ATOM-060N cung c\u1ea5p b\u1ed9 giao di\u1ec7n phong ph\u00fa, bao g\u1ed3m c\u1ed5ng Ethernet k\u00e9p \u0111\u1ea3m b\u1ea3o k\u1ebft n\u1ed1i m\u1ea1ng \u1ed5n \u0111\u1ecbnh, t\u1ed1c \u0111\u1ed9 cao, ph\u00f9 h\u1ee3p v\u1edbi c\u00e1c \u1ee9ng d\u1ee5ng \u0111\u00f2i h\u1ecfi truy\u1ec1n d\u1eef li\u1ec7u b\u0103ng th\u00f4ng l\u1edbn. C\u00e1c giao ti\u1ebfp kh\u00e1c nh\u01b0 UART, I2C, SPI, CAN c\u0169ng \u0111\u01b0\u1ee3c t\u00edch h\u1ee3p \u0111\u1ea7y \u0111\u1ee7, t\u1ea1o \u0111i\u1ec1u ki\u1ec7n thu\u1eadn l\u1ee3i cho vi\u1ec7c k\u1ebft n\u1ed1i v\u00e0 \u0111i\u1ec1u khi\u1ec3n thi\u1ebft b\u1ecb ngo\u1ea1i vi trong c\u00e1c h\u1ec7 th\u1ed1ng c\u00f4ng nghi\u1ec7p, IoT, v\u00e0 x\u1eed l\u00fd \u0111a ph\u01b0\u01a1ng ti\u1ec7n.<\/span><\/p>\n<\/div>\n<div>\n<p><img loading=\"lazy\" decoding=\"async\" class=\"size-full wp-image-3460 aligncenter\" src=\"https:\/\/antekgroup.vn\/wp-content\/uploads\/2025\/05\/rich-interface-dsom-060n-nxp-imx-6ull-1.jpg\" alt=\"\" width=\"1140\" height=\"360\" srcset=\"https:\/\/www.antekgroup.vn\/wp-content\/uploads\/2025\/05\/rich-interface-dsom-060n-nxp-imx-6ull-1.jpg 1140w, https:\/\/www.antekgroup.vn\/wp-content\/uploads\/2025\/05\/rich-interface-dsom-060n-nxp-imx-6ull-1-1024x323.jpg 1024w, https:\/\/www.antekgroup.vn\/wp-content\/uploads\/2025\/05\/rich-interface-dsom-060n-nxp-imx-6ull-1-768x243.jpg 768w, https:\/\/www.antekgroup.vn\/wp-content\/uploads\/2025\/05\/rich-interface-dsom-060n-nxp-imx-6ull-1-640x202.jpg 640w, https:\/\/www.antekgroup.vn\/wp-content\/uploads\/2025\/05\/rich-interface-dsom-060n-nxp-imx-6ull-1-400x126.jpg 400w, https:\/\/www.antekgroup.vn\/wp-content\/uploads\/2025\/05\/rich-interface-dsom-060n-nxp-imx-6ull-1-367x116.jpg 367w, https:\/\/www.antekgroup.vn\/wp-content\/uploads\/2025\/05\/rich-interface-dsom-060n-nxp-imx-6ull-1-600x189.jpg 600w\" sizes=\"auto, (max-width: 1140px) 100vw, 1140px\" \/><\/p>\n<div>\n<h3><b>H\u1ed7 tr\u1ee3 nhi\u1ec1u h\u1ec7 \u0111i\u1ec1u h\u00e0nh<\/b><\/h3>\n<p><span style=\"font-weight: 400;\">H\u1ec7 th\u1ed1ng h\u1ed7 tr\u1ee3 \u0111a d\u1ea1ng c\u00e1c h\u1ec7 \u0111i\u1ec1u h\u00e0nh Linux ph\u1ed5 bi\u1ebfn nh\u01b0 Debian, Ubuntu\u2026 gi\u00fap c\u00e1c nh\u00e0 ph\u00e1t tri\u1ec3n d\u1ec5 d\u00e0ng l\u1ef1a ch\u1ecdn n\u1ec1n t\u1ea3ng ph\u00f9 h\u1ee3p v\u1edbi y\u00eau c\u1ea7u \u1ee9ng d\u1ee5ng c\u1ee7a m\u00ecnh, r\u00fat ng\u1eafn th\u1eddi gian ph\u00e1t tri\u1ec3n v\u00e0 \u0111\u01b0a s\u1ea3n ph\u1ea9m ra th\u1ecb tr\u01b0\u1eddng nhanh h\u01a1n. \u0110\u1ed3ng th\u1eddi, \u0111\u1ea3m b\u1ea3o h\u1ed7 tr\u1ee3 b\u1ea3o m\u1eadt v\u00e0 c\u1eadp nh\u1eadt l\u00e2u d\u00e0i, gi\u1eef cho h\u1ec7 th\u1ed1ng v\u1eadn h\u00e0nh \u1ed5n \u0111\u1ecbnh.<\/span><\/p>\n<\/div>\n<div>\n<p><img loading=\"lazy\" decoding=\"async\" class=\"size-full wp-image-3458 aligncenter\" src=\"https:\/\/antekgroup.vn\/wp-content\/uploads\/2025\/05\/multiple-operating-system.webp\" alt=\"\" width=\"498\" height=\"318\" srcset=\"https:\/\/www.antekgroup.vn\/wp-content\/uploads\/2025\/05\/multiple-operating-system.webp 498w, https:\/\/www.antekgroup.vn\/wp-content\/uploads\/2025\/05\/multiple-operating-system-400x255.webp 400w, https:\/\/www.antekgroup.vn\/wp-content\/uploads\/2025\/05\/multiple-operating-system-367x234.webp 367w\" sizes=\"auto, (max-width: 498px) 100vw, 498px\" \/><\/p>\n<div>\n<h3><b>Thi\u1ebft k\u1ebf c\u00f4ng nghi\u1ec7p \u2013 D\u1ea3i nhi\u1ec7t r\u1ed9ng \u2013 Ti\u1ebft ki\u1ec7m n\u0103ng l\u01b0\u1ee3ng<\/b><\/h3>\n<p><span style=\"font-weight: 400;\">ATOM-060N \u0111\u01b0\u1ee3c thi\u1ebft k\u1ebf v\u1edbi ti\u00eau chu\u1ea9n c\u00f4ng nghi\u1ec7p, ho\u1ea1t \u0111\u1ed9ng \u1ed5n \u0111\u1ecbnh trong d\u1ea3i nhi\u1ec7t t\u1eeb -40\u00b0C \u0111\u1ebfn 85\u00b0C, ph\u00f9 h\u1ee3p v\u1edbi m\u00f4i tr\u01b0\u1eddng kh\u1eafc nghi\u1ec7t. B\u00ean c\u1ea1nh \u0111\u00f3, thi\u1ebft k\u1ebf ti\u1ebft ki\u1ec7m n\u0103ng l\u01b0\u1ee3ng gi\u00fap gi\u1ea3m chi ph\u00ed v\u1eadn h\u00e0nh, k\u00e9o d\u00e0i th\u1eddi gian s\u1eed d\u1ee5ng pin trong c\u00e1c \u1ee9ng d\u1ee5ng di \u0111\u1ed9ng v\u00e0 nh\u00fang.<\/span><\/p>\n<\/div>\n<div>\n<p><img loading=\"lazy\" decoding=\"async\" class=\"size-full wp-image-3456 aligncenter\" src=\"https:\/\/antekgroup.vn\/wp-content\/uploads\/2025\/05\/industrial-temperature-1.jpg\" alt=\"\" width=\"498\" height=\"318\" srcset=\"https:\/\/www.antekgroup.vn\/wp-content\/uploads\/2025\/05\/industrial-temperature-1.jpg 498w, https:\/\/www.antekgroup.vn\/wp-content\/uploads\/2025\/05\/industrial-temperature-1-400x255.jpg 400w, https:\/\/www.antekgroup.vn\/wp-content\/uploads\/2025\/05\/industrial-temperature-1-367x234.jpg 367w\" sizes=\"auto, (max-width: 498px) 100vw, 498px\" \/><\/p>\n<div>\n<h3><b>D\u1ecbch v\u1ee5 Ph\u00e1t tri\u1ec3n T\u00f9y ch\u1ec9nh v\u00e0 Bo m\u1ea1ch Nh\u00fang<\/b><\/h3>\n<p><b>C\u1ea7n h\u01a1n c\u1ea3 m\u1ed9t System on Module?<\/b><b><br \/>\n<\/b><span style=\"font-weight: 400;\"> H\u00e3y li\u00ean h\u1ec7 v\u1edbi ch\u00fang t\u00f4i \u0111\u1ec3 \u0111\u01b0\u1ee3c t\u01b0 v\u1ea5n v\u1ec1 m\u00e1y t\u00ednh \u0111\u01a1n b\u1ea3ng (SBC), s\u1ea3n ph\u1ea9m ho\u00e0n ch\u1ec9nh v\u00e0 c\u00e1c gi\u1ea3i ph\u00e1p t\u00f9y ch\u1ec9nh theo y\u00eau c\u1ea7u.<\/span><\/p>\n<\/div>\n<div>\n<p><img loading=\"lazy\" decoding=\"async\" class=\"size-full wp-image-3454 aligncenter\" src=\"https:\/\/antekgroup.vn\/wp-content\/uploads\/2025\/05\/Screenshot_116.png\" alt=\"\" width=\"1040\" height=\"577\" srcset=\"https:\/\/www.antekgroup.vn\/wp-content\/uploads\/2025\/05\/Screenshot_116.png 1040w, https:\/\/www.antekgroup.vn\/wp-content\/uploads\/2025\/05\/Screenshot_116-1024x568.png 1024w, https:\/\/www.antekgroup.vn\/wp-content\/uploads\/2025\/05\/Screenshot_116-768x426.png 768w, https:\/\/www.antekgroup.vn\/wp-content\/uploads\/2025\/05\/Screenshot_116-640x355.png 640w, https:\/\/www.antekgroup.vn\/wp-content\/uploads\/2025\/05\/Screenshot_116-400x222.png 400w, https:\/\/www.antekgroup.vn\/wp-content\/uploads\/2025\/05\/Screenshot_116-367x204.png 367w, https:\/\/www.antekgroup.vn\/wp-content\/uploads\/2025\/05\/Screenshot_116-600x333.png 600w\" sizes=\"auto, (max-width: 1040px) 100vw, 1040px\" \/><\/p>\n<p><span style=\"font-weight: 400;\">Ch\u00fang t\u00f4i cung c\u1ea5p n\u1ec1n t\u1ea3ng ph\u1ea7n c\u1ee9ng \u1ed5n \u0111\u1ecbnh, \u0111\u00e3 \u0111\u01b0\u1ee3c th\u1ecb tr\u01b0\u1eddng ki\u1ec3m ch\u1ee9ng, gi\u00fap \u0111\u1ed1i t\u00e1c r\u00fat ng\u1eafn chu k\u1ef3 \u0111\u01b0a s\u1ea3n ph\u1ea9m ra th\u1ecb tr\u01b0\u1eddng v\u00e0 ho\u00e0n thi\u1ec7n ph\u00e1t tri\u1ec3n nhanh ch\u00f3ng.<\/span><\/p>\n<ul>\n<li style=\"font-weight: 400;\" aria-level=\"1\">X\u00e1c nh\u1eadn y\u00eau c\u1ea7u v\u00e0 s\u1ea3n ph\u1ea9m<\/li>\n<li style=\"font-weight: 400;\" aria-level=\"1\">Ki\u1ec3m th\u1eed v\u00e0 x\u00e1c nh\u1eadn ch\u1ee9c n\u0103ng SoM<\/li>\n<li style=\"font-weight: 400;\" aria-level=\"1\">Ph\u00e1t tri\u1ec3n v\u00e0 h\u01b0\u1edbng d\u1eabn thi\u1ebft k\u1ebf bo m\u1ea1ch mang (Carrier Board)<\/li>\n<li style=\"font-weight: 400;\" aria-level=\"1\">Nguy\u00ean m\u1eabu s\u1ea3n ph\u1ea9m v\u00e0 g\u1ee1 l\u1ed7i<\/li>\n<li aria-level=\"1\">S\u1ea3n xu\u1ea5t h\u00e0ng lo\u1ea1t v\u00e0 giao h\u00e0ng<\/li>\n<\/ul>\n<h2><b>Thi\u1ebft k\u1ebf bo m\u1ea1ch nh\u00fang ODM\/EMS<\/b><\/h2>\n<p><img loading=\"lazy\" decoding=\"async\" class=\"size-full wp-image-3452 aligncenter\" src=\"https:\/\/antekgroup.vn\/wp-content\/uploads\/2025\/05\/dsom-060n-nxp-block-diagram-1024x889-1.webp\" alt=\"\" width=\"1024\" height=\"889\" srcset=\"https:\/\/www.antekgroup.vn\/wp-content\/uploads\/2025\/05\/dsom-060n-nxp-block-diagram-1024x889-1.webp 1024w, https:\/\/www.antekgroup.vn\/wp-content\/uploads\/2025\/05\/dsom-060n-nxp-block-diagram-1024x889-1-768x667.webp 768w, https:\/\/www.antekgroup.vn\/wp-content\/uploads\/2025\/05\/dsom-060n-nxp-block-diagram-1024x889-1-640x556.webp 640w, https:\/\/www.antekgroup.vn\/wp-content\/uploads\/2025\/05\/dsom-060n-nxp-block-diagram-1024x889-1-400x347.webp 400w, https:\/\/www.antekgroup.vn\/wp-content\/uploads\/2025\/05\/dsom-060n-nxp-block-diagram-1024x889-1-367x319.webp 367w, https:\/\/www.antekgroup.vn\/wp-content\/uploads\/2025\/05\/dsom-060n-nxp-block-diagram-1024x889-1-600x521.webp 600w\" sizes=\"auto, (max-width: 1024px) 100vw, 1024px\" \/><\/p>\n<p><span style=\"font-weight: 400;\">V\u1edbi h\u00e0ng th\u1eadp k\u1ef7 kinh nghi\u1ec7m trong thi\u1ebft k\u1ebf ph\u1ea7n c\u1ee9ng AIoT, Antek IoT chuy\u00ean cung c\u1ea5p d\u1ecbch v\u1ee5 thi\u1ebft k\u1ebf v\u00e0 ph\u00e1t tri\u1ec3n bo m\u1ea1ch nh\u00fang t\u1eeb b\u01b0\u1edbc \u00fd t\u01b0\u1edfng \u0111\u1ebfn s\u1ea3n xu\u1ea5t, ph\u1ee5c v\u1ee5 c\u00e1c nh\u00e0 s\u1ea3n xu\u1ea5t thi\u1ebft b\u1ecb \u0111i\u1ec7n t\u1eed, \u0111i\u1ec7n gia d\u1ee5ng v\u00e0 c\u00e1c nh\u00e0 ph\u00e1t tri\u1ec3n ph\u1ea7n m\u1ec1m.<\/span><\/p>\n<ul>\n<li style=\"font-weight: 400;\" aria-level=\"1\"><span style=\"font-weight: 400;\">Thi\u1ebft k\u1ebf bo m\u1ea1ch nh\u00fang theo y\u00eau c\u1ea7u<\/span><span style=\"font-weight: 400;\"><br \/>\n<\/span><\/li>\n<li style=\"font-weight: 400;\" aria-level=\"1\"><span style=\"font-weight: 400;\">Nghi\u00ean c\u1ee9u &amp; ph\u00e1t tri\u1ec3n s\u1ea3n ph\u1ea9m<\/span><span style=\"font-weight: 400;\"><br \/>\n<\/span><\/li>\n<li style=\"font-weight: 400;\" aria-level=\"1\"><span style=\"font-weight: 400;\">S\u1ea3n xu\u1ea5t v\u00e0 gia c\u00f4ng \u0111i\u1ec7n t\u1eed (EMS)<\/span><\/li>\n<\/ul>\n<div>\n<h2><b>Th\u00f4ng s\u1ed1 c\u01a1 b\u1ea3n v\u00e0 giao di\u1ec7n c\u1ee7a ATOM-060N NXP i.MX6ULL SoM<\/b><\/h2>\n<table>\n<tbody>\n<tr>\n<td><b>M\u1ee5c<\/b><\/td>\n<td><b>Th\u00f4ng s\u1ed1<\/b><\/td>\n<\/tr>\n<tr>\n<td><b>CPU<\/b><\/td>\n<td><b>MCIMX6Y2CVM08AB (ARM Cortex-A7 \u0111\u01a1n nh\u00e2n, 800 MHz, th\u1ef1c t\u1ebf 792 MHz)<\/b><\/td>\n<\/tr>\n<tr>\n<td><b>RAM<\/b><\/td>\n<td><b>DDR3 \/ LPDDR3 chu\u1ea9n, 512 MB<\/b><\/td>\n<\/tr>\n<tr>\n<td><b>B\u1ed9 nh\u1edb<\/b><\/td>\n<td><b>eMMC chu\u1ea9n dung l\u01b0\u1ee3ng 8 GB<\/b><\/td>\n<\/tr>\n<tr>\n<td><b>Ngu\u1ed3n c\u1ea5p<\/b><\/td>\n<td><b>5V \/ 0.25A<\/b><\/td>\n<\/tr>\n<tr>\n<td><b>H\u1ec7 \u0111i\u1ec1u h\u00e0nh<\/b><\/td>\n<td><b>Linux (Debian, Ubuntu, v.v&#8230;)<\/b><\/td>\n<\/tr>\n<tr>\n<td><b>Nhi\u1ec7t \u0111\u1ed9 ho\u1ea1t \u0111\u1ed9ng<\/b><\/td>\n<td><b>-40\u00b0C ~ 85\u00b0C<\/b><\/td>\n<\/tr>\n<tr>\n<td><b>Nhi\u1ec7t \u0111\u1ed9 l\u01b0u tr\u1eef<\/b><\/td>\n<td><b>-50\u00b0C ~ 95\u00b0C<\/b><\/td>\n<\/tr>\n<tr>\n<td><b>\u0110\u1ed9 \u1ea9m<\/b><\/td>\n<td><b>10% ~ 95% (kh\u00f4ng ng\u01b0ng t\u1ee5)<\/b><\/td>\n<\/tr>\n<tr>\n<td><b>\u00c1p su\u1ea5t kh\u00ed quy\u1ec3n<\/b><\/td>\n<td><b>76 KPa ~ 106 KPa<\/b><\/td>\n<\/tr>\n<tr>\n<td><b>K\u00edch th\u01b0\u1edbc<\/b><\/td>\n<td><b>38 mm \u00d7 38 mm<\/b><\/td>\n<\/tr>\n<tr>\n<td><b>PCB<\/b><\/td>\n<td><b>8 l\u1edbp, x\u1eed l\u00fd m\u1ea1 v\u00e0ng nh\u00fang, l\u1edbp \u0111\u1ea5t v\u00e0 t\u00edn hi\u1ec7u \u0111\u1ed9c l\u1eadp<\/b><\/td>\n<\/tr>\n<\/tbody>\n<\/table>\n<h3><b>C\u00e1c giao di\u1ec7n ngo\u1ea1i vi (Peripheral interfaces)<\/b><\/h3>\n<table>\n<tbody>\n<tr>\n<td><b>Lo\u1ea1i giao di\u1ec7n<\/b><\/td>\n<td><b>S\u1ed1 l\u01b0\u1ee3ng k\u00eanh<\/b><\/td>\n<td><b>Chi ti\u1ebft \/ Ghi ch\u00fa<\/b><\/td>\n<\/tr>\n<tr>\n<td><b>Ethernet<\/b><\/td>\n<td><b>2 CH<\/b><\/td>\n<td><b>2 c\u1ed5ng Ethernet 100 Mbps<\/b><\/td>\n<\/tr>\n<tr>\n<td><b>UART<\/b><\/td>\n<td><b>8 CH<\/b><\/td>\n<td><b>UART1 d\u00f9ng cho debug, UART3 d\u00f9ng cho giao ti\u1ebfp serial h\u01b0\u1edbng d\u1eabn<\/b><\/td>\n<\/tr>\n<tr>\n<td><b>I2C<\/b><\/td>\n<td><b>4 CH<\/b><\/td>\n<td><b>M\u1ed9t d\u00f9ng c\u1ea5u h\u00ecnh c\u1ea3m bi\u1ebfn \u00e1nh s\u00e1ng AP3216C, m\u1ed9t d\u00f9ng c\u1ea5u h\u00ecnh c\u1ea3m \u1ee9ng LCD<\/b><\/td>\n<\/tr>\n<tr>\n<td><b>SPI<\/b><\/td>\n<td><b>4 CH<\/b><\/td>\n<td><b>D\u00f9ng cho c\u1ea3m bi\u1ebfn 6 tr\u1ee5c icm20608<\/b><\/td>\n<\/tr>\n<tr>\n<td><b>CAN<\/b><\/td>\n<td><b>2 CH<\/b><\/td>\n<td><b>FlexCAN1<\/b><\/td>\n<\/tr>\n<tr>\n<td><b>I2S<\/b><\/td>\n<td><b>3 CH<\/b><\/td>\n<td><b>I2S xung \u0111\u1ed9t ch\u00e2n JTAG<\/b><\/td>\n<\/tr>\n<tr>\n<td><b>Camera<\/b><\/td>\n<td><b>1 CH<\/b><\/td>\n<td><b>H\u1ed7 tr\u1ee3 camera OV5640, OV2640, OV7725 (kh\u00f4ng c\u00f3 FIFO)<\/b><\/td>\n<\/tr>\n<tr>\n<td><b>JTAG<\/b><\/td>\n<td><b>1 CH<\/b><\/td>\n<td><\/td>\n<\/tr>\n<tr>\n<td><b>LCD<\/b><\/td>\n<td><b>1 CH<\/b><\/td>\n<td><b>Giao di\u1ec7n RGB888, h\u1ed7 tr\u1ee3 \u0111\u1ed9 ph\u00e2n gi\u1ea3i t\u1ed1i \u0111a 1366 \u00d7 768<\/b><\/td>\n<\/tr>\n<tr>\n<td><b>ADC<\/b><\/td>\n<td><b>10 CH<\/b><\/td>\n<td><b>GPIO1, c\u00f3 th\u1ec3 k\u1ebft n\u1ed1i c\u1ea3m bi\u1ebfn nhi\u1ec7t DHT11 ho\u1eb7c AT18B20<\/b><\/td>\n<\/tr>\n<tr>\n<td><b>PWM<\/b><\/td>\n<td><b>8 CH<\/b><\/td>\n<td><b>D\u00f9ng \u0111i\u1ec1u khi\u1ec3n \u0111\u00e8n n\u1ec1n LCD<\/b><\/td>\n<\/tr>\n<tr>\n<td><b>SDIO<\/b><\/td>\n<td><b>1 CH<\/b><\/td>\n<td><b>D\u00f9ng cho Wi-Fi SDIO ho\u1eb7c th\u1ebb nh\u1edb microSD<\/b><\/td>\n<\/tr>\n<tr>\n<td><b>GPIO<\/b><\/td>\n<td><b>105 CH<\/b><\/td>\n<td><b>GPIO3 d\u00f9ng cho \u0111\u00e8n LED tr\u00ean bo m\u1ea1ch ch\u00ednh, c\u00f3 th\u1ec3 t\u00f9y bi\u1ebfn v\u1edbi GPIO1, m\u1edf r\u1ed9ng th\u00eam qua device tree<\/b><\/td>\n<\/tr>\n<\/tbody>\n<\/table>\n<\/div>\n<div>\n<div>\n<div><\/div>\n<\/div>\n<\/div>\n<\/div>\n<\/div>\n<\/div>\n<\/div>\n<\/div>\n","protected":false},"excerpt":{"rendered":"<p><span style=\"font-weight: 400;\">ATOM-060N l\u00e0 m\u00f4-\u0111un h\u1ec7 th\u1ed1ng (SoM) c\u00f4ng nghi\u1ec7p d\u1ef1a tr\u00ean chip NXP i.MX 6ULL (MCIMX6Y2CVM08AB), s\u1eed d\u1ee5ng ARM Cortex-A7 l\u00f5i \u0111\u01a1n v\u1edbi t\u1ed1c \u0111\u1ed9 792 MHz. SoM n\u00e0y t\u00edch h\u1ee3p qu\u1ea3n l\u00fd n\u0103ng l\u01b0\u1ee3ng v\u00e0 \u0111\u01b0\u1ee3c thi\u1ebft k\u1ebf \u0111\u1ec3 ch\u1ea1y h\u1ec7 \u0111i\u1ec1u h\u00e0nh Linux nh\u00fang, ph\u00f9 h\u1ee3p cho c\u00e1c \u1ee9ng d\u1ee5ng c\u00f4ng nghi\u1ec7p.<\/span><\/p>\n<p><b>Th\u00f4ng s\u1ed1 ch\u00ednh:<\/b><\/p>\n<ul>\n<li style=\"font-weight: 400;\" aria-level=\"1\"><b>CPU:<\/b><span style=\"font-weight: 400;\"> MCIMX6Y2CVM08AB, Cortex-A7 l\u00f5i \u0111\u01a1n, 792 MHz (t\u1ed1i \u0111a 800 MHz)<\/span><span style=\"font-weight: 400;\"><br \/>\n<\/span><\/li>\n<li style=\"font-weight: 400;\" aria-level=\"1\"><b>RAM:<\/b><span style=\"font-weight: 400;\"> 512 MB DDR3L<\/span><span style=\"font-weight: 400;\"><br \/>\n<\/span><\/li>\n<li style=\"font-weight: 400;\" aria-level=\"1\"><b>B\u1ed9 nh\u1edb l\u01b0u tr\u1eef:<\/b><span style=\"font-weight: 400;\"> eMMC 8 GB ho\u1eb7c NAND Flash 256 MB (tu\u1ef3 ch\u1ecdn)<\/span><span style=\"font-weight: 400;\"><br \/>\n<\/span><\/li>\n<li style=\"font-weight: 400;\" aria-level=\"1\"><b>H\u1ec7 \u0111i\u1ec1u h\u00e0nh:<\/b><span style=\"font-weight: 400;\"> Linux (h\u1ed7 tr\u1ee3 Debian, Ubuntu, v.v.)<\/span><span style=\"font-weight: 400;\"><br \/>\n<\/span><\/li>\n<li style=\"font-weight: 400;\" aria-level=\"1\"><b>Giao di\u1ec7n:<\/b><span style=\"font-weight: 400;\"> Ethernet, UART, I2C, SPI, CAN, I2S, USB OTG, Camera, v\u00e0 c\u00e1c giao di\u1ec7n kh\u00e1c<\/span><\/li>\n<li style=\"font-weight: 400;\" aria-level=\"1\"><b>K\u00edch th\u01b0\u1edbc:<\/b> 38mm x 38mm<\/li>\n<\/ul>\n","protected":false},"featured_media":3467,"comment_status":"open","ping_status":"closed","template":"","meta":[],"product_cat":[72],"product_tag":[75],"class_list":{"0":"post-5054","1":"product","2":"type-product","3":"status-publish","4":"has-post-thumbnail","6":"product_cat-system-on-module","7":"product_tag-atom-060n","9":"first","10":"instock","11":"shipping-taxable","12":"product-type-simple"},"_links":{"self":[{"href":"https:\/\/www.antekgroup.vn\/vi\/wp-json\/wp\/v2\/product\/5054","targetHints":{"allow":["GET"]}}],"collection":[{"href":"https:\/\/www.antekgroup.vn\/vi\/wp-json\/wp\/v2\/product"}],"about":[{"href":"https:\/\/www.antekgroup.vn\/vi\/wp-json\/wp\/v2\/types\/product"}],"replies":[{"embeddable":true,"href":"https:\/\/www.antekgroup.vn\/vi\/wp-json\/wp\/v2\/comments?post=5054"}],"wp:featuredmedia":[{"embeddable":true,"href":"https:\/\/www.antekgroup.vn\/vi\/wp-json\/wp\/v2\/media\/3467"}],"wp:attachment":[{"href":"https:\/\/www.antekgroup.vn\/vi\/wp-json\/wp\/v2\/media?parent=5054"}],"wp:term":[{"taxonomy":"product_cat","embeddable":true,"href":"https:\/\/www.antekgroup.vn\/vi\/wp-json\/wp\/v2\/product_cat?post=5054"},{"taxonomy":"product_tag","embeddable":true,"href":"https:\/\/www.antekgroup.vn\/vi\/wp-json\/wp\/v2\/product_tag?post=5054"}],"curies":[{"name":"wp","href":"https:\/\/api.w.org\/{rel}","templated":true}]}}