{"id":5018,"date":"2025-05-23T07:20:24","date_gmt":"2025-05-23T07:20:24","guid":{"rendered":"https:\/\/antekgroup.vn\/?post_type=product&#038;p=5018"},"modified":"2025-08-15T07:50:41","modified_gmt":"2025-08-15T07:50:41","slug":"atom-080m-mediatek-mt7628-system-on-module","status":"publish","type":"product","link":"https:\/\/www.antekgroup.vn\/vi\/product\/atom-080m-mediatek-mt7628-system-on-module\/","title":{"rendered":"ATOM-080M MediaTek MT7628 System on Module"},"content":{"rendered":"<div>\n<h2><strong>T\u1ed5ng quan nhanh v\u1ec1 ATOM-080M MediaTek MT7621 SoM<\/strong><\/h2>\n<\/div>\n<div>\n<p><span style=\"font-weight: 400;\">M\u00f4-\u0111un h\u1ec7 th\u1ed1ng MT7621 \u0111\u01b0\u1ee3c trang b\u1ecb b\u1ed9 x\u1eed l\u00fd MTK MT7621A, g\u1ed3m b\u1ed9 vi x\u1eed l\u00fd l\u00f5i k\u00e9p MIPS1004Kc v\u1edbi t\u1ed1c \u0111\u1ed9 xung nh\u1ecbp t\u1ed1i \u0111a 880MHz. V\u1edbi kh\u1ea3 n\u0103ng n\u00e0y, n\u00f3 ph\u00f9 h\u1ee3p cho nhi\u1ec1u \u1ee9ng d\u1ee5ng kh\u00e1c nhau, bao g\u1ed3m b\u1ed9 \u0111\u1ecbnh tuy\u1ebfn d\u1ecbch v\u1ee5 Internet, b\u1ed9 \u0111\u1ecbnh tuy\u1ebfn kh\u00f4ng d\u00e2y, c\u1ed5ng b\u1ea3o m\u1eadt gia \u0111\u00ecnh, d\u1ecbch v\u1ee5 l\u01b0u tr\u1eef m\u1ea1ng NAS v\u00e0 b\u1ed9 x\u1eed l\u00fd \u0111i\u1ec1u khi\u1ec3n switch.<\/span><\/p>\n<p><span style=\"font-weight: 400;\">ATOM-080M \u0111\u01b0\u1ee3c trang b\u1ecb RAM DDR3 256MB v\u00e0 b\u1ed9 nh\u1edb NAND Flash 128MB, cung c\u1ea5p dung l\u01b0\u1ee3ng b\u1ed9 nh\u1edb v\u00e0 l\u01b0u tr\u1eef \u0111\u1ee7 l\u1edbn \u0111\u1ec3 x\u1eed l\u00fd c\u00e1c \u1ee9ng d\u1ee5ng \u0111\u00f2i h\u1ecfi cao. B\u1ed9 giao di\u1ec7n phong ph\u00fa bao g\u1ed3m Ethernet, USB, UART, SPI, I2C v\u00e0 GPIO gi\u00fap d\u1ec5 d\u00e0ng t\u00edch h\u1ee3p v\u1edbi nhi\u1ec1u thi\u1ebft b\u1ecb ngo\u1ea1i vi v\u00e0 c\u1ea3m bi\u1ebfn, h\u1ed7 tr\u1ee3 c\u00e1c nh\u00e0 ph\u00e1t tri\u1ec3n t\u1ea1o ra c\u00e1c gi\u1ea3i ph\u00e1p IoT s\u00e1ng t\u1ea1o.<\/span><\/p>\n<ul>\n<li><span style=\"font-weight: 400;\"> H\u1ed7 tr\u1ee3 c\u00e1c chu\u1ea9n m\u1ea1ng LAN kh\u00f4ng d\u00e2y: IEEE 802.11 a\/b\/g\/n\/ac<\/span><span style=\"font-weight: 400;\"><br \/>\n<\/span><span style=\"font-weight: 400;\"> \u25cf C\u00f3 \u0111\u1ea7y \u0111\u1ee7 c\u00e1c giao di\u1ec7n GPIO<\/span><span style=\"font-weight: 400;\"><br \/>\n<\/span><span style=\"font-weight: 400;\"> \u25cf S\u1ea3n ph\u1ea9m \u1ed5n \u0111\u1ecbnh v\u00e0 tin c\u1eady, ho\u1ea1t \u0111\u1ed9ng b\u00ecnh th\u01b0\u1eddng qua c\u00e1c b\u00e0i ki\u1ec3m tra nhi\u1ec7t \u0111\u1ed9 cao\/th\u1ea5p v\u00e0 kh\u1edfi \u0111\u1ed9ng l\u1ea1i nhi\u1ec1u l\u1ea7n.<\/span><\/li>\n<\/ul>\n<p><span style=\"font-weight: 400;\">D\u00f9 b\u1ea1n \u0111ang x\u00e2y d\u1ef1ng c\u00e1c thi\u1ebft b\u1ecb nh\u00e0 th\u00f4ng minh, h\u1ec7 th\u1ed1ng t\u1ef1 \u0111\u1ed9ng h\u00f3a c\u00f4ng nghi\u1ec7p hay b\u1ed9 \u0111\u1ecbnh tuy\u1ebfn kh\u00f4ng d\u00e2y, ATOM-080M MediaTek MT7621 System-on-Module s\u1ebd cung c\u1ea5p hi\u1ec7u n\u0103ng, k\u1ebft n\u1ed1i v\u00e0 t\u00ednh linh ho\u1ea1t c\u1ea7n thi\u1ebft \u0111\u1ec3 hi\u1ec7n th\u1ef1c h\u00f3a c\u00e1c d\u1ef1 \u00e1n IoT c\u1ee7a b\u1ea1n. Tr\u1ea3i nghi\u1ec7m s\u1ee9c m\u1ea1nh c\u00f4ng ngh\u1ec7 ti\u00ean ti\u1ebfn c\u1ee7a Antek IoT v\u00e0 khai ph\u00e1 ti\u1ec1m n\u0103ng \u0111\u1ea7y \u0111\u1ee7 c\u1ee7a c\u00e1c \u1ee9ng d\u1ee5ng IoT v\u1edbi ATOM-080M.<\/span><\/p>\n<h2><strong>S\u01a1 \u0111\u1ed3 kh\u1ed1i chip ch\u00ednh c\u1ee7a ATOM-080M MediaTek MT7621 SoM<\/strong><\/h2>\n<div id='gallery-1' class='gallery galleryid-5018 gallery-columns-2 gallery-size-large'><figure class='gallery-item'>\n\t\t\t<div class='gallery-icon landscape'>\n\t\t\t\t<a href='https:\/\/www.antekgroup.vn\/vi\/?attachment_id=3507'><img loading=\"lazy\" decoding=\"async\" width=\"768\" height=\"629\" src=\"https:\/\/www.antekgroup.vn\/wp-content\/uploads\/2025\/05\/WechatIMG578-768x629-1.webp\" class=\"attachment-large size-large\" alt=\"\" srcset=\"https:\/\/www.antekgroup.vn\/wp-content\/uploads\/2025\/05\/WechatIMG578-768x629-1.webp 768w, https:\/\/www.antekgroup.vn\/wp-content\/uploads\/2025\/05\/WechatIMG578-768x629-1-640x524.webp 640w, https:\/\/www.antekgroup.vn\/wp-content\/uploads\/2025\/05\/WechatIMG578-768x629-1-400x328.webp 400w, https:\/\/www.antekgroup.vn\/wp-content\/uploads\/2025\/05\/WechatIMG578-768x629-1-367x301.webp 367w, https:\/\/www.antekgroup.vn\/wp-content\/uploads\/2025\/05\/WechatIMG578-768x629-1-600x491.webp 600w\" sizes=\"auto, (max-width: 768px) 100vw, 768px\" \/><\/a>\n\t\t\t<\/div><\/figure><figure class='gallery-item'>\n\t\t\t<div class='gallery-icon landscape'>\n\t\t\t\t<a href='https:\/\/www.antekgroup.vn\/vi\/?attachment_id=3505'><img loading=\"lazy\" decoding=\"async\" width=\"1024\" height=\"804\" src=\"https:\/\/www.antekgroup.vn\/wp-content\/uploads\/2025\/05\/WechatIMG579-1024x804.webp\" class=\"attachment-large size-large\" alt=\"\" srcset=\"https:\/\/www.antekgroup.vn\/wp-content\/uploads\/2025\/05\/WechatIMG579-1024x804.webp 1024w, https:\/\/www.antekgroup.vn\/wp-content\/uploads\/2025\/05\/WechatIMG579-768x603.webp 768w, https:\/\/www.antekgroup.vn\/wp-content\/uploads\/2025\/05\/WechatIMG579-640x503.webp 640w, https:\/\/www.antekgroup.vn\/wp-content\/uploads\/2025\/05\/WechatIMG579-400x314.webp 400w, https:\/\/www.antekgroup.vn\/wp-content\/uploads\/2025\/05\/WechatIMG579-367x288.webp 367w, https:\/\/www.antekgroup.vn\/wp-content\/uploads\/2025\/05\/WechatIMG579-600x471.webp 600w\" sizes=\"auto, (max-width: 1024px) 100vw, 1024px\" \/><\/a>\n\t\t\t<\/div><\/figure>\n\t\t<\/div>\n\n<h2><strong>K\u00edch th\u01b0\u1edbc s\u1ea3n ph\u1ea9m c\u1ee7a ATOM-080M MediaTek MT7621 SoM<\/strong><\/h2>\n<div id='gallery-2' class='gallery galleryid-5018 gallery-columns-2 gallery-size-large'><figure class='gallery-item'>\n\t\t\t<div class='gallery-icon landscape'>\n\t\t\t\t<a href='https:\/\/www.antekgroup.vn\/vi\/?attachment_id=3503'><img loading=\"lazy\" decoding=\"async\" width=\"560\" height=\"274\" src=\"https:\/\/www.antekgroup.vn\/wp-content\/uploads\/2025\/05\/image6.jpeg\" class=\"attachment-large size-large\" alt=\"\" srcset=\"https:\/\/www.antekgroup.vn\/wp-content\/uploads\/2025\/05\/image6.jpeg 560w, https:\/\/www.antekgroup.vn\/wp-content\/uploads\/2025\/05\/image6-400x196.jpeg 400w, https:\/\/www.antekgroup.vn\/wp-content\/uploads\/2025\/05\/image6-367x180.jpeg 367w\" sizes=\"auto, (max-width: 560px) 100vw, 560px\" \/><\/a>\n\t\t\t<\/div><\/figure><figure class='gallery-item'>\n\t\t\t<div class='gallery-icon landscape'>\n\t\t\t\t<a href='https:\/\/www.antekgroup.vn\/vi\/?attachment_id=3501'><img loading=\"lazy\" decoding=\"async\" width=\"600\" height=\"293\" src=\"https:\/\/www.antekgroup.vn\/wp-content\/uploads\/2025\/05\/image7-600x293-1.jpeg\" class=\"attachment-large size-large\" alt=\"\" srcset=\"https:\/\/www.antekgroup.vn\/wp-content\/uploads\/2025\/05\/image7-600x293-1.jpeg 600w, https:\/\/www.antekgroup.vn\/wp-content\/uploads\/2025\/05\/image7-600x293-1-400x195.jpeg 400w, https:\/\/www.antekgroup.vn\/wp-content\/uploads\/2025\/05\/image7-600x293-1-367x179.jpeg 367w\" sizes=\"auto, (max-width: 600px) 100vw, 600px\" \/><\/a>\n\t\t\t<\/div><\/figure>\n\t\t<\/div>\n\n<div>\n<h3><b>Th\u00f4ng s\u1ed1 k\u1ef9 thu\u1eadt v\u00e0 giao di\u1ec7n c\u1ee7a ATOM-080M MediaTek MT7621 SOM<\/b><span style=\"font-weight: 400;\">:<\/span><\/h3>\n<table>\n<tbody>\n<tr>\n<td><b>Th\u00f4ng s\u1ed1<\/b><\/td>\n<td><b>Chi ti\u1ebft<\/b><\/td>\n<\/tr>\n<tr>\n<td><b>CPU<\/b><\/td>\n<td><span style=\"font-weight: 400;\">MIPS 1004Kc (800MHz)<\/span><\/td>\n<\/tr>\n<tr>\n<td><\/td>\n<td><span style=\"font-weight: 400;\">I-Cache 32KB, D-Cache 32KB, L2 Cache 256KB<\/span><\/td>\n<\/tr>\n<tr>\n<td><b>RAM<\/b><\/td>\n<td><span style=\"font-weight: 400;\">DDR3L 512MB (tu\u1ef3 ch\u1ecdn 128MB, 256MB)<\/span><\/td>\n<\/tr>\n<tr>\n<td><b>B\u1ed9 nh\u1edb<\/b><\/td>\n<td><span style=\"font-weight: 400;\">eMMC 8GB (tu\u1ef3 ch\u1ecdn 4GB, 16GB)<\/span><\/td>\n<\/tr>\n<tr>\n<td><b>Chu\u1ea9n kh\u00f4ng d\u00e2y<\/b><\/td>\n<td><span style=\"font-weight: 400;\">IEEE 802.11 a\/b\/g\/n\/ac<\/span><\/td>\n<\/tr>\n<tr>\n<td><b>T\u1ea7n s\u1ed1 ho\u1ea1t \u0111\u1ed9ng<\/b><\/td>\n<td><span style=\"font-weight: 400;\">2.4 GHz ~ 2.4835 GHz ho\u1eb7c 5.18 GHz ~ 5.825 GHz<\/span><\/td>\n<\/tr>\n<tr>\n<td><b>\u0110i\u1ec1u ch\u1ebf<\/b><\/td>\n<td><span style=\"font-weight: 400;\">802.11b: CCK, DQPSK, DBPSK<\/span><\/td>\n<\/tr>\n<tr>\n<td><\/td>\n<td><span style=\"font-weight: 400;\">802.11g\/a: 64-QAM, 16-QAM, QPSK, BPSK<\/span><\/td>\n<\/tr>\n<tr>\n<td><\/td>\n<td><span style=\"font-weight: 400;\">802.11n: 64-QAM, 16-QAM, QPSK, BPSK<\/span><\/td>\n<\/tr>\n<tr>\n<td><\/td>\n<td><span style=\"font-weight: 400;\">802.11ac: 256-QAM, 64-QAM, 16-QAM, QPSK, BPSK<\/span><\/td>\n<\/tr>\n<tr>\n<td><b>T\u1ed1c \u0111\u1ed9 truy\u1ec1n kh\u00f4ng d\u00e2y<\/b><\/td>\n<td><span style=\"font-weight: 400;\">802.11b: 1,2,5.5,11 Mbps<\/span><\/td>\n<\/tr>\n<tr>\n<td><\/td>\n<td><span style=\"font-weight: 400;\">802.11g: 6,9,12,18,24,36,48,54 Mbps<\/span><\/td>\n<\/tr>\n<tr>\n<td><\/td>\n<td><span style=\"font-weight: 400;\">802.11n: HT20 l\u00ean t\u1edbi 72.2 Mbps, HT40 l\u00ean t\u1edbi 150\/300 Mbps (2T2R)<\/span><\/td>\n<\/tr>\n<tr>\n<td><\/td>\n<td><span style=\"font-weight: 400;\">802.11ac: VHT20 l\u00ean t\u1edbi 173.3 Mbps, VHT40 l\u00ean t\u1edbi 400 Mbps, VHT80 l\u00ean t\u1edbi 866.7 Mbps<\/span><\/td>\n<\/tr>\n<tr>\n<td><b>M\u00e3 h\u00f3a kh\u00f4ng d\u00e2y<\/b><\/td>\n<td><span style=\"font-weight: 400;\">WEP, TKIP, WPA, WPA2<\/span><\/td>\n<\/tr>\n<tr>\n<td><b>\u0110i\u1ec7n \u00e1p ho\u1ea1t \u0111\u1ed9ng<\/b><\/td>\n<td><span style=\"font-weight: 400;\">DC 12V\/1.5A (khuy\u1ebfn ngh\u1ecb)<\/span><\/td>\n<\/tr>\n<tr>\n<td><b>H\u1ec7 \u0111i\u1ec1u h\u00e0nh<\/b><\/td>\n<td><span style=\"font-weight: 400;\">OpenWRT<\/span><\/td>\n<\/tr>\n<tr>\n<td><b>Nhi\u1ec7t \u0111\u1ed9 ho\u1ea1t \u0111\u1ed9ng<\/b><\/td>\n<td><span style=\"font-weight: 400;\">0\u00b0C ~ 85\u00b0C<\/span><\/td>\n<\/tr>\n<tr>\n<td><b>Nhi\u1ec7t \u0111\u1ed9 l\u01b0u tr\u1eef<\/b><\/td>\n<td><span style=\"font-weight: 400;\">-40\u00b0C ~ 85\u00b0C<\/span><\/td>\n<\/tr>\n<tr>\n<td><b>\u0110\u1ed9 \u1ea9m<\/b><\/td>\n<td><span style=\"font-weight: 400;\">10% ~ 90% (kh\u00f4ng ng\u01b0ng t\u1ee5)<\/span><\/td>\n<\/tr>\n<tr>\n<td><b>\u00c1p su\u1ea5t kh\u00ed quy\u1ec3n<\/b><\/td>\n<td><span style=\"font-weight: 400;\">76 kPa ~ 106 kPa<\/span><\/td>\n<\/tr>\n<tr>\n<td><b>K\u00edch th\u01b0\u1edbc module<\/b><\/td>\n<td><span style=\"font-weight: 400;\">38mm \u00d7 38mm<\/span><\/td>\n<\/tr>\n<tr>\n<td><b>K\u00edch th\u01b0\u1edbc PCB<\/b><\/td>\n<td><span style=\"font-weight: 400;\">65mm \u00d7 69mm \u00d7 2.5mm<\/span><\/td>\n<\/tr>\n<\/tbody>\n<\/table>\n<h2><\/h2>\n<h2><strong>\u1ee8ng d\u1ee5ng c\u1ee7a System on Module (SoM):<\/strong><\/h2>\n<\/div>\n<ul>\n<li style=\"font-weight: 400;\" aria-level=\"1\"><span style=\"font-weight: 400;\">Router<\/span><\/li>\n<li style=\"font-weight: 400;\" aria-level=\"1\"><span style=\"font-weight: 400;\">C\u00e1c lo\u1ea1i router<\/span><\/li>\n<li style=\"font-weight: 400;\" aria-level=\"1\"><span style=\"font-weight: 400;\">Th\u1ebb giao di\u1ec7n m\u1ea1ng th\u00f4ng minh (iNICs &#8211; Intelligent Network Interface Cards)<\/span><\/li>\n<li style=\"font-weight: 400;\" aria-level=\"1\"><span style=\"font-weight: 400;\">Thi\u1ebft b\u1ecb l\u01b0u tr\u1eef m\u1ea1ng (NAS &#8211; Network-Attached Storage Device)<\/span><\/li>\n<li style=\"font-weight: 400;\" aria-level=\"1\"><span style=\"font-weight: 400;\">C\u1ed5ng k\u1ebft n\u1ed1i IoT (IoT gateways)<\/span><\/li>\n<\/ul>\n<p>&nbsp;<\/p>\n<table>\n<tbody>\n<tr>\n<td><b>Lo\u1ea1i t\u00e0i nguy\u00ean<\/b><\/td>\n<td><b>T\u00ean t\u00e0i nguy\u00ean \/ T\u1ec7p<\/b><\/td>\n<td><b>Phi\u00ean b\u1ea3n \/ Ghi ch\u00fa<\/b><\/td>\n<\/tr>\n<tr>\n<td><b>Coreboard Development<\/b><\/td>\n<td><span style=\"font-weight: 400;\">Software Quickstart<\/span><\/td>\n<td><span style=\"font-weight: 400;\">ATOM-080M SDK Quick Start Guide V1.1.pdf (V1.1)<\/span><\/td>\n<\/tr>\n<tr>\n<td><\/td>\n<td><span style=\"font-weight: 400;\">Hardware Quickstart<\/span><\/td>\n<td><span style=\"font-weight: 400;\">ATOM-080M MT7621 Key Components of Core Board Manual<\/span><\/td>\n<\/tr>\n<tr>\n<td><\/td>\n<td><span style=\"font-weight: 400;\">SDK<\/span><\/td>\n<td><span style=\"font-weight: 400;\">openwrt_MT7621.tar.gz<\/span><\/td>\n<\/tr>\n<tr>\n<td><\/td>\n<td><span style=\"font-weight: 400;\">Firmware<\/span><\/td>\n<td><span style=\"font-weight: 400;\">ATOM-080M_img-MT7621_AV1.0.0.bin (V1.0.0)<\/span><\/td>\n<\/tr>\n<tr>\n<td><b>Carrier Board Development<\/b><\/td>\n<td><span style=\"font-weight: 400;\">Carrier Board Datasheet<\/span><\/td>\n<td><span style=\"font-weight: 400;\">ATOM-080M MT7621 Key Components of Development Board Manual<\/span><\/td>\n<\/tr>\n<tr>\n<td><\/td>\n<td><span style=\"font-weight: 400;\">Carrier Board Schematic<\/span><\/td>\n<td><span style=\"font-weight: 400;\">ATOM-080M MT7621 Carrier Board Schematic<\/span><\/td>\n<\/tr>\n<tr>\n<td><\/td>\n<td><span style=\"font-weight: 400;\">Hardware Development Guide<\/span><\/td>\n<td><span style=\"font-weight: 400;\">ATOM-080M MTK7621 Development Board Hardware Manual V1.1<\/span><\/td>\n<\/tr>\n<tr>\n<td><b>Tools<\/b><\/td>\n<td><span style=\"font-weight: 400;\">Flash Tool<\/span><\/td>\n<td><span style=\"font-weight: 400;\">tftp_server.rar<\/span><\/td>\n<\/tr>\n<\/tbody>\n<\/table>\n<p>&nbsp;<\/p>\n<table>\n<tbody>\n<tr>\n<td><b>Model List (Category A &#8211; In Stock)<\/b><\/td>\n<td><b>RAM<\/b><\/td>\n<td><b>eMMC<\/b><\/td>\n<\/tr>\n<tr>\n<td><span style=\"font-weight: 400;\">ATOM-080M-I<\/span><\/td>\n<td><span style=\"font-weight: 400;\">512 MB<\/span><\/td>\n<td><span style=\"font-weight: 400;\">4 GB<\/span><\/td>\n<\/tr>\n<tr>\n<td><span style=\"font-weight: 400;\">ATOM-080M-J<\/span><\/td>\n<td><span style=\"font-weight: 400;\">512 MB<\/span><\/td>\n<td><span style=\"font-weight: 400;\">8 GB<\/span><\/td>\n<\/tr>\n<\/tbody>\n<\/table>\n<p>&nbsp;<\/p>\n<\/div>\n","protected":false},"excerpt":{"rendered":"<p><span style=\"font-weight: 400;\">M\u00f4-\u0111un h\u1ec7 th\u1ed1ng MT7621 \u0111\u01b0\u1ee3c trang b\u1ecb b\u1ed9 x\u1eed l\u00fd MTK MT7621A, bao g\u1ed3m b\u1ed9 vi x\u1eed l\u00fd l\u00f5i k\u00e9p MIPS1004Kc v\u1edbi t\u1ed1c \u0111\u1ed9 xung nh\u1ecbp t\u1ed1i \u0111a 880MHz.<\/span><span style=\"font-weight: 400;\"><br \/>\n<\/span><span style=\"font-weight: 400;\"> \u25cf K\u00edch th\u01b0\u1edbc: 65mm x 69mm x 2.5mm, v\u1edbi c\u00e1c giao di\u1ec7n GPIO \u0111\u1ea7y \u0111\u1ee7<\/span><span style=\"font-weight: 400;\"><br \/>\n<\/span><span style=\"font-weight: 400;\"> \u25cf B\u1ed9 nh\u1edb eMMC l\u00ean \u0111\u1ebfn 8GB; RAM l\u00ean \u0111\u1ebfn 512MB; SPI FLASH l\u00ean \u0111\u1ebfn 64MB<\/span><span style=\"font-weight: 400;\"><br \/>\n<\/span><span style=\"font-weight: 400;\"> \u25cf H\u1ed7 tr\u1ee3 h\u1ec7 \u0111i\u1ec1u h\u00e0nh OpenWRT<\/span><span style=\"font-weight: 400;\"><br \/>\n<\/span><span style=\"font-weight: 400;\"> \u25cf H\u1ed7 tr\u1ee3 chu\u1ea9n m\u1ea1ng kh\u00f4ng d\u00e2y IEEE 802.11 a\/b\/g\/n\/ac<\/span><span style=\"font-weight: 400;\"><br \/>\n<\/span><span style=\"font-weight: 400;\"> \u25cf D\u1ea3i t\u1ea7n s\u1ed1 ho\u1ea1t \u0111\u1ed9ng: 2.4GHz2.4835GHz ho\u1eb7c 5.18GHz5.825GHz<\/span><span style=\"font-weight: 400;\"><br \/>\n<\/span><span style=\"font-weight: 400;\"> \u25cf T\u1ed1c \u0111\u1ed9 truy\u1ec1n kh\u00f4ng d\u00e2y: 300Mbps cho d\u1ea3i t\u1ea7n 2.4GHz2.4835GHz v\u00e0 866.7Mbps cho d\u1ea3i t\u1ea7n 5.18GHz5.825GHz<\/span><span style=\"font-weight: 400;\"><br \/>\n<\/span><span style=\"font-weight: 400;\"> \u25cf Nhi\u1ec7t \u0111\u1ed9 ho\u1ea1t \u0111\u1ed9ng c\u1ee7a m\u00f4-\u0111un l\u00f5i: t\u1eeb 0 \u0111\u1ebfn 55 \u0111\u1ed9 C<\/span><span style=\"font-weight: 400;\"><br \/>\n<\/span><span style=\"font-weight: 400;\"> \u25cf S\u1ea3n ph\u1ea9m \u1ed5n \u0111\u1ecbnh v\u00e0 \u0111\u00e1ng tin c\u1eady, ho\u1ea1t \u0111\u1ed9ng b\u00ecnh th\u01b0\u1eddng qua c\u00e1c b\u00e0i ki\u1ec3m tra nhi\u1ec7t \u0111\u1ed9 cao\/th\u1ea5p l\u1eb7p l\u1ea1i v\u00e0 ki\u1ec3m tra kh\u1edfi \u0111\u1ed9ng l\u1ea1i.<\/span><\/p>\n","protected":false},"featured_media":3511,"comment_status":"open","ping_status":"closed","template":"","meta":[],"product_cat":[72],"product_tag":[78],"class_list":{"0":"post-5018","1":"product","2":"type-product","3":"status-publish","4":"has-post-thumbnail","6":"product_cat-system-on-module","7":"product_tag-atom-080m","9":"first","10":"instock","11":"shipping-taxable","12":"product-type-simple"},"_links":{"self":[{"href":"https:\/\/www.antekgroup.vn\/vi\/wp-json\/wp\/v2\/product\/5018","targetHints":{"allow":["GET"]}}],"collection":[{"href":"https:\/\/www.antekgroup.vn\/vi\/wp-json\/wp\/v2\/product"}],"about":[{"href":"https:\/\/www.antekgroup.vn\/vi\/wp-json\/wp\/v2\/types\/product"}],"replies":[{"embeddable":true,"href":"https:\/\/www.antekgroup.vn\/vi\/wp-json\/wp\/v2\/comments?post=5018"}],"wp:featuredmedia":[{"embeddable":true,"href":"https:\/\/www.antekgroup.vn\/vi\/wp-json\/wp\/v2\/media\/3511"}],"wp:attachment":[{"href":"https:\/\/www.antekgroup.vn\/vi\/wp-json\/wp\/v2\/media?parent=5018"}],"wp:term":[{"taxonomy":"product_cat","embeddable":true,"href":"https:\/\/www.antekgroup.vn\/vi\/wp-json\/wp\/v2\/product_cat?post=5018"},{"taxonomy":"product_tag","embeddable":true,"href":"https:\/\/www.antekgroup.vn\/vi\/wp-json\/wp\/v2\/product_tag?post=5018"}],"curies":[{"name":"wp","href":"https:\/\/api.w.org\/{rel}","templated":true}]}}